{"id":25,"date":"2017-06-19T07:08:22","date_gmt":"2017-06-19T07:08:22","guid":{"rendered":"http:\/\/peritosjudiciales2020.com\/index.php\/contact\/"},"modified":"2023-08-24T14:36:35","modified_gmt":"2023-08-24T14:36:35","slug":"contact","status":"publish","type":"page","link":"https:\/\/peritosjudiciales2020.com\/index.php\/contact\/","title":{"rendered":"Contacto"},"content":{"rendered":"\t\t<div data-elementor-type=\"wp-post\" data-elementor-id=\"25\" class=\"elementor elementor-25\">\n\t\t\t\t\t\t<section class=\"elementor-section elementor-top-section elementor-element elementor-element-3ab3a68 elementor-section-boxed elementor-section-height-default elementor-section-height-default\" data-id=\"3ab3a68\" data-element_type=\"section\">\n\t\t\t\t\t\t<div class=\"elementor-container elementor-column-gap-default\">\n\t\t\t\t\t<div class=\"elementor-column elementor-col-33 elementor-top-column elementor-element elementor-element-789edcf\" data-id=\"789edcf\" data-element_type=\"column\">\n\t\t\t<div class=\"elementor-widget-wrap elementor-element-populated\">\n\t\t\t\t\t\t<div class=\"elementor-element elementor-element-1762a9ee elementor-widget elementor-widget-heading\" data-id=\"1762a9ee\" data-element_type=\"widget\" data-widget_type=\"heading.default\">\n\t\t\t\t<div class=\"elementor-widget-container\">\n\t\t\t\t\t<h4 class=\"elementor-heading-title elementor-size-default\">\u00bfNecesitas hacernos alguna consulta?<\/h4>\t\t\t\t<\/div>\n\t\t\t\t<\/div>\n\t\t\t\t<div class=\"elementor-element elementor-element-4b11df6c elementor-widget elementor-widget-button\" data-id=\"4b11df6c\" data-element_type=\"widget\" data-widget_type=\"button.default\">\n\t\t\t\t<div class=\"elementor-widget-container\">\n\t\t\t\t\t\t\t\t\t<div class=\"elementor-button-wrapper\">\n\t\t\t\t\t<a class=\"elementor-button elementor-button-link elementor-size-sm elementor-animation-grow\" href=\"#\">\n\t\t\t\t\t\t<span class=\"elementor-button-content-wrapper\">\n\t\t\t\t\t\t\t\t\t<span class=\"elementor-button-text\">Tel.  665 526 927<\/span>\n\t\t\t\t\t<\/span>\n\t\t\t\t\t<\/a>\n\t\t\t\t<\/div>\n\t\t\t\t\t\t\t\t<\/div>\n\t\t\t\t<\/div>\n\t\t\t\t<div class=\"elementor-element elementor-element-7c6a4d9 elementor-widget elementor-widget-button\" data-id=\"7c6a4d9\" data-element_type=\"widget\" data-widget_type=\"button.default\">\n\t\t\t\t<div class=\"elementor-widget-container\">\n\t\t\t\t\t\t\t\t\t<div class=\"elementor-button-wrapper\">\n\t\t\t\t\t<a class=\"elementor-button elementor-button-link elementor-size-sm elementor-animation-grow\" href=\"#\">\n\t\t\t\t\t\t<span class=\"elementor-button-content-wrapper\">\n\t\t\t\t\t\t\t\t\t<span class=\"elementor-button-text\">Tel. 687 542 668<\/span>\n\t\t\t\t\t<\/span>\n\t\t\t\t\t<\/a>\n\t\t\t\t<\/div>\n\t\t\t\t\t\t\t\t<\/div>\n\t\t\t\t<\/div>\n\t\t\t\t<div class=\"elementor-element elementor-element-8359271 elementor-widget elementor-widget-button\" data-id=\"8359271\" data-element_type=\"widget\" data-widget_type=\"button.default\">\n\t\t\t\t<div class=\"elementor-widget-container\">\n\t\t\t\t\t\t\t\t\t<div class=\"elementor-button-wrapper\">\n\t\t\t\t\t<a class=\"elementor-button elementor-button-link elementor-size-sm elementor-animation-grow\" href=\"http:\/\/peritacionesjudiciales2020@gmail.com\">\n\t\t\t\t\t\t<span class=\"elementor-button-content-wrapper\">\n\t\t\t\t\t\t\t\t\t<span class=\"elementor-button-text\">email<\/span>\n\t\t\t\t\t<\/span>\n\t\t\t\t\t<\/a>\n\t\t\t\t<\/div>\n\t\t\t\t\t\t\t\t<\/div>\n\t\t\t\t<\/div>\n\t\t\t\t\t<\/div>\n\t\t<\/div>\n\t\t\t\t<div class=\"elementor-column elementor-col-66 elementor-top-column elementor-element elementor-element-0c630bf\" data-id=\"0c630bf\" data-element_type=\"column\">\n\t\t\t<div class=\"elementor-widget-wrap elementor-element-populated\">\n\t\t\t\t\t\t<div class=\"elementor-element elementor-element-7db75fd6 elementor-widget elementor-widget-image\" data-id=\"7db75fd6\" data-element_type=\"widget\" data-widget_type=\"image.default\">\n\t\t\t\t<div class=\"elementor-widget-container\">\n\t\t\t\t\t\t\t\t\t\t\t\t\t\t\t<img fetchpriority=\"high\" decoding=\"async\" width=\"1080\" height=\"1080\" src=\"https:\/\/peritosjudiciales2020.com\/wp-content\/uploads\/2022\/10\/equipo-peritosjudiciales.png\" class=\"attachment-full size-full wp-image-2420\" alt=\"\" srcset=\"https:\/\/peritosjudiciales2020.com\/wp-content\/uploads\/2022\/10\/equipo-peritosjudiciales.png 1080w, https:\/\/peritosjudiciales2020.com\/wp-content\/uploads\/2022\/10\/equipo-peritosjudiciales-300x300.png 300w, https:\/\/peritosjudiciales2020.com\/wp-content\/uploads\/2022\/10\/equipo-peritosjudiciales-1024x1024.png 1024w, https:\/\/peritosjudiciales2020.com\/wp-content\/uploads\/2022\/10\/equipo-peritosjudiciales-150x150.png 150w, https:\/\/peritosjudiciales2020.com\/wp-content\/uploads\/2022\/10\/equipo-peritosjudiciales-768x768.png 768w, https:\/\/peritosjudiciales2020.com\/wp-content\/uploads\/2022\/10\/equipo-peritosjudiciales-100x100.png 100w, https:\/\/peritosjudiciales2020.com\/wp-content\/uploads\/2022\/10\/elementor\/thumbs\/equipo-peritosjudiciales-pwcixoyor24qrgrrt8b6864pg7osrq7hn2xdkg5mhc.png 1000w\" sizes=\"100vw\" \/>\t\t\t\t\t\t\t\t\t\t\t\t\t\t\t<\/div>\n\t\t\t\t<\/div>\n\t\t\t\t<div class=\"elementor-element elementor-element-77d2212 elementor-widget elementor-widget-text-editor\" data-id=\"77d2212\" data-element_type=\"widget\" data-widget_type=\"text-editor.default\">\n\t\t\t\t<div class=\"elementor-widget-container\">\n\t\t\t\t\t\t\t\t\t<p style=\"text-align: left;\">Nuestro equipo de profesionales est\u00e1 a tu disposici\u00f3n para cualquier consulta que quieras hacernos.<\/p><p>Puedes contactar con nosotros por <strong>tel\u00e9fono, whatsapp, email<\/strong> o haciendo un clic en el siguiente enlace.<\/p><p><span style=\"color: var( --e-global-color-text ); font-weight: var( --e-global-typography-text-font-weight ); font-size: 1rem;\">A la mayor brevedad posible contactaremos contigo.<\/span><\/p>\t\t\t\t\t\t\t\t<\/div>\n\t\t\t\t<\/div>\n\t\t\t\t<div class=\"elementor-element elementor-element-d66cac9 elementor-align-center elementor-widget elementor-widget-button\" data-id=\"d66cac9\" data-element_type=\"widget\" data-widget_type=\"button.default\">\n\t\t\t\t<div class=\"elementor-widget-container\">\n\t\t\t\t\t\t\t\t\t<div class=\"elementor-button-wrapper\">\n\t\t\t\t\t<a class=\"elementor-button elementor-button-link elementor-size-sm elementor-animation-grow\" href=\"http:\/\/peritosjudiciales2020.com\/index.php\/formulario-de-contacto\/\">\n\t\t\t\t\t\t<span class=\"elementor-button-content-wrapper\">\n\t\t\t\t\t\t\t\t\t<span class=\"elementor-button-text\">\u00bfen qu\u00e9 te podemos ayudar?<\/span>\n\t\t\t\t\t<\/span>\n\t\t\t\t\t<\/a>\n\t\t\t\t<\/div>\n\t\t\t\t\t\t\t\t<\/div>\n\t\t\t\t<\/div>\n\t\t\t\t<div class=\"elementor-element elementor-element-c738006 elementor-widget elementor-widget-text-editor\" data-id=\"c738006\" data-element_type=\"widget\" data-widget_type=\"text-editor.default\">\n\t\t\t\t<div class=\"elementor-widget-container\">\n\t\t\t\t\t\t\t\t\t<p>La primera consulta es <strong>GRATUITA<\/strong><\/p>\t\t\t\t\t\t\t\t<\/div>\n\t\t\t\t<\/div>\n\t\t\t\t\t<\/div>\n\t\t<\/div>\n\t\t\t\t\t<\/div>\n\t\t<\/section>\n\t\t\t\t<section class=\"elementor-section elementor-top-section elementor-element elementor-element-e149f2e elementor-section-boxed elementor-section-height-default elementor-section-height-default\" data-id=\"e149f2e\" data-element_type=\"section\">\n\t\t\t\t\t\t<div class=\"elementor-container elementor-column-gap-default\">\n\t\t\t\t\t<div class=\"elementor-column elementor-col-100 elementor-top-column elementor-element elementor-element-a70652d\" data-id=\"a70652d\" data-element_type=\"column\">\n\t\t\t<div class=\"elementor-widget-wrap elementor-element-populated\">\n\t\t\t\t\t\t<div class=\"elementor-element elementor-element-b4efaee elementor-widget elementor-widget-spacer\" data-id=\"b4efaee\" data-element_type=\"widget\" data-widget_type=\"spacer.default\">\n\t\t\t\t<div class=\"elementor-widget-container\">\n\t\t\t\t\t\t\t<div class=\"elementor-spacer\">\n\t\t\t<div class=\"elementor-spacer-inner\"><\/div>\n\t\t<\/div>\n\t\t\t\t\t\t<\/div>\n\t\t\t\t<\/div>\n\t\t\t\t<div class=\"elementor-element elementor-element-cb54cf7 elementor-widget elementor-widget-image\" data-id=\"cb54cf7\" data-element_type=\"widget\" data-widget_type=\"image.default\">\n\t\t\t\t<div class=\"elementor-widget-container\">\n\t\t\t\t\t\t\t\t\t\t\t\t\t\t\t<img decoding=\"async\" width=\"150\" height=\"150\" src=\"https:\/\/peritosjudiciales2020.com\/wp-content\/uploads\/2023\/08\/cropped-Peritos-Judiciales-150x150.png\" class=\"attachment-thumbnail size-thumbnail wp-image-2631\" alt=\"\" srcset=\"https:\/\/peritosjudiciales2020.com\/wp-content\/uploads\/2023\/08\/cropped-Peritos-Judiciales-150x150.png 150w, https:\/\/peritosjudiciales2020.com\/wp-content\/uploads\/2023\/08\/cropped-Peritos-Judiciales-100x100.png 100w, https:\/\/peritosjudiciales2020.com\/wp-content\/uploads\/2023\/08\/cropped-Peritos-Judiciales.png 250w\" sizes=\"100vw\" \/>\t\t\t\t\t\t\t\t\t\t\t\t\t\t\t<\/div>\n\t\t\t\t<\/div>\n\t\t\t\t\t<\/div>\n\t\t<\/div>\n\t\t\t\t\t<\/div>\n\t\t<\/section>\n\t\t\t\t<section class=\"elementor-section elementor-top-section elementor-element elementor-element-d1cc006 elementor-section-boxed elementor-section-height-default elementor-section-height-default\" data-id=\"d1cc006\" data-element_type=\"section\">\n\t\t\t\t\t\t<div class=\"elementor-container elementor-column-gap-default\">\n\t\t\t\t\t<div class=\"elementor-column elementor-col-100 elementor-top-column elementor-element elementor-element-a4f077c\" data-id=\"a4f077c\" data-element_type=\"column\">\n\t\t\t<div class=\"elementor-widget-wrap elementor-element-populated\">\n\t\t\t\t\t\t<div class=\"elementor-element elementor-element-da65909 elementor-widget elementor-widget-heading\" data-id=\"da65909\" data-element_type=\"widget\" data-widget_type=\"heading.default\">\n\t\t\t\t<div class=\"elementor-widget-container\">\n\t\t\t\t\t<h2 class=\"elementor-heading-title elementor-size-default\">Especialistas en Peritaci\u00f3n Judicial\n<\/h2>\t\t\t\t<\/div>\n\t\t\t\t<\/div>\n\t\t\t\t\t<\/div>\n\t\t<\/div>\n\t\t\t\t\t<\/div>\n\t\t<\/section>\n\t\t\t\t<section class=\"elementor-section elementor-top-section elementor-element elementor-element-95e57bb elementor-section-boxed elementor-section-height-default elementor-section-height-default\" data-id=\"95e57bb\" data-element_type=\"section\">\n\t\t\t\t\t\t<div class=\"elementor-container elementor-column-gap-default\">\n\t\t\t\t\t<div class=\"elementor-column elementor-col-100 elementor-top-column elementor-element elementor-element-ec4e6d0\" data-id=\"ec4e6d0\" data-element_type=\"column\">\n\t\t\t<div class=\"elementor-widget-wrap elementor-element-populated\">\n\t\t\t\t\t\t<div class=\"elementor-element elementor-element-b979214 elementor-widget elementor-widget-text-editor\" data-id=\"b979214\" data-element_type=\"widget\" data-widget_type=\"text-editor.default\">\n\t\t\t\t<div class=\"elementor-widget-container\">\n\t\t\t\t\t\t\t\t\t<p><span class=\"JsGRdQ\">Peritaciones judiciales \u00b7 Tasaciones y valoraci\u00f3n de Veh\u00edculos \u00b7 Peritaci\u00f3n de da\u00f1os en Veh\u00edculos \u00b7 Accidentes de Tr\u00e1fico \u00b7 Investigaci\u00f3n de Bienes Inmuebles \u00b7 Reclamaciones<\/span><\/p>\t\t\t\t\t\t\t\t<\/div>\n\t\t\t\t<\/div>\n\t\t\t\t<div class=\"elementor-element elementor-element-a375ea3 elementor-widget elementor-widget-spacer\" data-id=\"a375ea3\" data-element_type=\"widget\" data-widget_type=\"spacer.default\">\n\t\t\t\t<div class=\"elementor-widget-container\">\n\t\t\t\t\t\t\t<div class=\"elementor-spacer\">\n\t\t\t<div class=\"elementor-spacer-inner\"><\/div>\n\t\t<\/div>\n\t\t\t\t\t\t<\/div>\n\t\t\t\t<\/div>\n\t\t\t\t<div class=\"elementor-element elementor-element-7c8553d elementor-widget elementor-widget-text-editor\" data-id=\"7c8553d\" data-element_type=\"widget\" data-widget_type=\"text-editor.default\">\n\t\t\t\t<div class=\"elementor-widget-container\">\n\t\t\t\t\t\t\t\t\t<p style=\"text-align: center;\">Estamos inscritos en:\u00a0<\/p><p>Asociaci\u00f3n de Peritos Judiciales de Barcelona\u00a0 \u00a0|\u00a0 \u00a0Aspejure\u00a0 \u00a0|\u00a0 \u00a0Asociaci\u00f3n Espa\u00f1ola de Compliance<\/p>\t\t\t\t\t\t\t\t<\/div>\n\t\t\t\t<\/div>\n\t\t\t\t<div class=\"elementor-element elementor-element-05325b9 elementor-widget elementor-widget-spacer\" data-id=\"05325b9\" data-element_type=\"widget\" data-widget_type=\"spacer.default\">\n\t\t\t\t<div class=\"elementor-widget-container\">\n\t\t\t\t\t\t\t<div class=\"elementor-spacer\">\n\t\t\t<div class=\"elementor-spacer-inner\"><\/div>\n\t\t<\/div>\n\t\t\t\t\t\t<\/div>\n\t\t\t\t<\/div>\n\t\t\t\t\t<\/div>\n\t\t<\/div>\n\t\t\t\t\t<\/div>\n\t\t<\/section>\n\t\t\t\t<\/div>\n\t\t","protected":false},"excerpt":{"rendered":"<p>\u00bfNecesitas hacernos alguna consulta? Tel. 665 526 927 Tel. 687 542 668 email Nuestro equipo de profesionales est\u00e1 a tu disposici\u00f3n para cualquier consulta que quieras hacernos. Puedes contactar con nosotros por tel\u00e9fono, whatsapp, email o haciendo un clic en el siguiente enlace. A la mayor brevedad posible contactaremos contigo. \u00bfen qu\u00e9 te podemos ayudar? &hellip; <\/p>\n<p class=\"link-more\"><a href=\"https:\/\/peritosjudiciales2020.com\/index.php\/contact\/\" class=\"more-link\">Continuar leyendo<span class=\"screen-reader-text\"> \u00abContacto\u00bb<\/span><\/a><\/p>\n","protected":false},"author":1,"featured_media":0,"parent":0,"menu_order":0,"comment_status":"closed","ping_status":"closed","template":"","meta":{"_eb_attr":"","om_disable_all_campaigns":false,"_monsterinsights_skip_tracking":false,"_monsterinsights_sitenote_active":false,"_monsterinsights_sitenote_note":"","_monsterinsights_sitenote_category":0,"footnotes":""},"class_list":["post-25","page","type-page","status-publish","hentry"],"yoast_head":"<!-- This site is optimized with the Yoast SEO plugin v25.9 - https:\/\/yoast.com\/wordpress\/plugins\/seo\/ -->\n<title>Contacto - PERITOS JUDICIALES 2020<\/title>\n<meta name=\"robots\" content=\"index, follow, max-snippet:-1, max-image-preview:large, max-video-preview:-1\" \/>\n<link rel=\"canonical\" href=\"https:\/\/peritosjudiciales2020.com\/index.php\/contact\/\" \/>\n<meta property=\"og:locale\" content=\"es_ES\" \/>\n<meta property=\"og:type\" content=\"article\" \/>\n<meta property=\"og:title\" content=\"Contacto - PERITOS JUDICIALES 2020\" \/>\n<meta property=\"og:description\" content=\"\u00bfNecesitas hacernos alguna consulta? Tel. 665 526 927 Tel. 687 542 668 email Nuestro equipo de profesionales est\u00e1 a tu disposici\u00f3n para cualquier consulta que quieras hacernos. Puedes contactar con nosotros por tel\u00e9fono, whatsapp, email o haciendo un clic en el siguiente enlace. A la mayor brevedad posible contactaremos contigo. \u00bfen qu\u00e9 te podemos ayudar? &hellip; Continuar leyendo &quot;Contacto&quot;\" \/>\n<meta property=\"og:url\" content=\"https:\/\/peritosjudiciales2020.com\/index.php\/contact\/\" \/>\n<meta property=\"og:site_name\" content=\"PERITOS JUDICIALES 2020\" \/>\n<meta property=\"article:modified_time\" content=\"2023-08-24T14:36:35+00:00\" \/>\n<meta property=\"og:image\" content=\"https:\/\/peritosjudiciales2020.com\/wp-content\/uploads\/2022\/10\/equipo-peritosjudiciales.png\" \/>\n<meta name=\"twitter:card\" content=\"summary_large_image\" \/>\n<meta name=\"twitter:label1\" content=\"Tiempo de lectura\" \/>\n\t<meta name=\"twitter:data1\" content=\"1 minuto\" \/>\n<script type=\"application\/ld+json\" class=\"yoast-schema-graph\">{\"@context\":\"https:\/\/schema.org\",\"@graph\":[{\"@type\":\"WebPage\",\"@id\":\"https:\/\/peritosjudiciales2020.com\/index.php\/contact\/\",\"url\":\"https:\/\/peritosjudiciales2020.com\/index.php\/contact\/\",\"name\":\"Contacto - PERITOS JUDICIALES 2020\",\"isPartOf\":{\"@id\":\"https:\/\/peritosjudiciales2020.com\/#website\"},\"primaryImageOfPage\":{\"@id\":\"https:\/\/peritosjudiciales2020.com\/index.php\/contact\/#primaryimage\"},\"image\":{\"@id\":\"https:\/\/peritosjudiciales2020.com\/index.php\/contact\/#primaryimage\"},\"thumbnailUrl\":\"https:\/\/peritosjudiciales2020.com\/wp-content\/uploads\/2022\/10\/equipo-peritosjudiciales.png\",\"datePublished\":\"2017-06-19T07:08:22+00:00\",\"dateModified\":\"2023-08-24T14:36:35+00:00\",\"breadcrumb\":{\"@id\":\"https:\/\/peritosjudiciales2020.com\/index.php\/contact\/#breadcrumb\"},\"inLanguage\":\"es\",\"potentialAction\":[{\"@type\":\"ReadAction\",\"target\":[\"https:\/\/peritosjudiciales2020.com\/index.php\/contact\/\"]}]},{\"@type\":\"ImageObject\",\"inLanguage\":\"es\",\"@id\":\"https:\/\/peritosjudiciales2020.com\/index.php\/contact\/#primaryimage\",\"url\":\"https:\/\/peritosjudiciales2020.com\/wp-content\/uploads\/2022\/10\/equipo-peritosjudiciales.png\",\"contentUrl\":\"https:\/\/peritosjudiciales2020.com\/wp-content\/uploads\/2022\/10\/equipo-peritosjudiciales.png\",\"width\":1080,\"height\":1080},{\"@type\":\"BreadcrumbList\",\"@id\":\"https:\/\/peritosjudiciales2020.com\/index.php\/contact\/#breadcrumb\",\"itemListElement\":[{\"@type\":\"ListItem\",\"position\":1,\"name\":\"navigation\",\"item\":\"https:\/\/peritosjudiciales2020.com\/\"},{\"@type\":\"ListItem\",\"position\":2,\"name\":\"Contacto\"}]},{\"@type\":\"WebSite\",\"@id\":\"https:\/\/peritosjudiciales2020.com\/#website\",\"url\":\"https:\/\/peritosjudiciales2020.com\/\",\"name\":\"PERITOS JUDICIALES 2020\",\"description\":\"Gabinete especializado en Peritaci\u00f3n Judicial\",\"publisher\":{\"@id\":\"https:\/\/peritosjudiciales2020.com\/#organization\"},\"potentialAction\":[{\"@type\":\"SearchAction\",\"target\":{\"@type\":\"EntryPoint\",\"urlTemplate\":\"https:\/\/peritosjudiciales2020.com\/?s={search_term_string}\"},\"query-input\":{\"@type\":\"PropertyValueSpecification\",\"valueRequired\":true,\"valueName\":\"search_term_string\"}}],\"inLanguage\":\"es\"},{\"@type\":\"Organization\",\"@id\":\"https:\/\/peritosjudiciales2020.com\/#organization\",\"name\":\"PERITOS JUDICIALES 2020\",\"url\":\"https:\/\/peritosjudiciales2020.com\/\",\"logo\":{\"@type\":\"ImageObject\",\"inLanguage\":\"es\",\"@id\":\"https:\/\/peritosjudiciales2020.com\/#\/schema\/logo\/image\/\",\"url\":\"https:\/\/peritosjudiciales2020.com\/wp-content\/uploads\/2023\/08\/cropped-Peritos-Judiciales.png\",\"contentUrl\":\"https:\/\/peritosjudiciales2020.com\/wp-content\/uploads\/2023\/08\/cropped-Peritos-Judiciales.png\",\"width\":250,\"height\":250,\"caption\":\"PERITOS JUDICIALES 2020\"},\"image\":{\"@id\":\"https:\/\/peritosjudiciales2020.com\/#\/schema\/logo\/image\/\"}}]}<\/script>\n<!-- \/ Yoast SEO plugin. -->","yoast_head_json":{"title":"Contacto - PERITOS JUDICIALES 2020","robots":{"index":"index","follow":"follow","max-snippet":"max-snippet:-1","max-image-preview":"max-image-preview:large","max-video-preview":"max-video-preview:-1"},"canonical":"https:\/\/peritosjudiciales2020.com\/index.php\/contact\/","og_locale":"es_ES","og_type":"article","og_title":"Contacto - PERITOS JUDICIALES 2020","og_description":"\u00bfNecesitas hacernos alguna consulta? Tel. 665 526 927 Tel. 687 542 668 email Nuestro equipo de profesionales est\u00e1 a tu disposici\u00f3n para cualquier consulta que quieras hacernos. Puedes contactar con nosotros por tel\u00e9fono, whatsapp, email o haciendo un clic en el siguiente enlace. A la mayor brevedad posible contactaremos contigo. \u00bfen qu\u00e9 te podemos ayudar? &hellip; Continuar leyendo \"Contacto\"","og_url":"https:\/\/peritosjudiciales2020.com\/index.php\/contact\/","og_site_name":"PERITOS JUDICIALES 2020","article_modified_time":"2023-08-24T14:36:35+00:00","og_image":[{"url":"https:\/\/peritosjudiciales2020.com\/wp-content\/uploads\/2022\/10\/equipo-peritosjudiciales.png","type":"","width":"","height":""}],"twitter_card":"summary_large_image","twitter_misc":{"Tiempo de lectura":"1 minuto"},"schema":{"@context":"https:\/\/schema.org","@graph":[{"@type":"WebPage","@id":"https:\/\/peritosjudiciales2020.com\/index.php\/contact\/","url":"https:\/\/peritosjudiciales2020.com\/index.php\/contact\/","name":"Contacto - PERITOS JUDICIALES 2020","isPartOf":{"@id":"https:\/\/peritosjudiciales2020.com\/#website"},"primaryImageOfPage":{"@id":"https:\/\/peritosjudiciales2020.com\/index.php\/contact\/#primaryimage"},"image":{"@id":"https:\/\/peritosjudiciales2020.com\/index.php\/contact\/#primaryimage"},"thumbnailUrl":"https:\/\/peritosjudiciales2020.com\/wp-content\/uploads\/2022\/10\/equipo-peritosjudiciales.png","datePublished":"2017-06-19T07:08:22+00:00","dateModified":"2023-08-24T14:36:35+00:00","breadcrumb":{"@id":"https:\/\/peritosjudiciales2020.com\/index.php\/contact\/#breadcrumb"},"inLanguage":"es","potentialAction":[{"@type":"ReadAction","target":["https:\/\/peritosjudiciales2020.com\/index.php\/contact\/"]}]},{"@type":"ImageObject","inLanguage":"es","@id":"https:\/\/peritosjudiciales2020.com\/index.php\/contact\/#primaryimage","url":"https:\/\/peritosjudiciales2020.com\/wp-content\/uploads\/2022\/10\/equipo-peritosjudiciales.png","contentUrl":"https:\/\/peritosjudiciales2020.com\/wp-content\/uploads\/2022\/10\/equipo-peritosjudiciales.png","width":1080,"height":1080},{"@type":"BreadcrumbList","@id":"https:\/\/peritosjudiciales2020.com\/index.php\/contact\/#breadcrumb","itemListElement":[{"@type":"ListItem","position":1,"name":"navigation","item":"https:\/\/peritosjudiciales2020.com\/"},{"@type":"ListItem","position":2,"name":"Contacto"}]},{"@type":"WebSite","@id":"https:\/\/peritosjudiciales2020.com\/#website","url":"https:\/\/peritosjudiciales2020.com\/","name":"PERITOS JUDICIALES 2020","description":"Gabinete especializado en Peritaci\u00f3n Judicial","publisher":{"@id":"https:\/\/peritosjudiciales2020.com\/#organization"},"potentialAction":[{"@type":"SearchAction","target":{"@type":"EntryPoint","urlTemplate":"https:\/\/peritosjudiciales2020.com\/?s={search_term_string}"},"query-input":{"@type":"PropertyValueSpecification","valueRequired":true,"valueName":"search_term_string"}}],"inLanguage":"es"},{"@type":"Organization","@id":"https:\/\/peritosjudiciales2020.com\/#organization","name":"PERITOS JUDICIALES 2020","url":"https:\/\/peritosjudiciales2020.com\/","logo":{"@type":"ImageObject","inLanguage":"es","@id":"https:\/\/peritosjudiciales2020.com\/#\/schema\/logo\/image\/","url":"https:\/\/peritosjudiciales2020.com\/wp-content\/uploads\/2023\/08\/cropped-Peritos-Judiciales.png","contentUrl":"https:\/\/peritosjudiciales2020.com\/wp-content\/uploads\/2023\/08\/cropped-Peritos-Judiciales.png","width":250,"height":250,"caption":"PERITOS JUDICIALES 2020"},"image":{"@id":"https:\/\/peritosjudiciales2020.com\/#\/schema\/logo\/image\/"}}]}},"_links":{"self":[{"href":"https:\/\/peritosjudiciales2020.com\/index.php\/wp-json\/wp\/v2\/pages\/25","targetHints":{"allow":["GET"]}}],"collection":[{"href":"https:\/\/peritosjudiciales2020.com\/index.php\/wp-json\/wp\/v2\/pages"}],"about":[{"href":"https:\/\/peritosjudiciales2020.com\/index.php\/wp-json\/wp\/v2\/types\/page"}],"author":[{"embeddable":true,"href":"https:\/\/peritosjudiciales2020.com\/index.php\/wp-json\/wp\/v2\/users\/1"}],"replies":[{"embeddable":true,"href":"https:\/\/peritosjudiciales2020.com\/index.php\/wp-json\/wp\/v2\/comments?post=25"}],"version-history":[{"count":64,"href":"https:\/\/peritosjudiciales2020.com\/index.php\/wp-json\/wp\/v2\/pages\/25\/revisions"}],"predecessor-version":[{"id":2938,"href":"https:\/\/peritosjudiciales2020.com\/index.php\/wp-json\/wp\/v2\/pages\/25\/revisions\/2938"}],"wp:attachment":[{"href":"https:\/\/peritosjudiciales2020.com\/index.php\/wp-json\/wp\/v2\/media?parent=25"}],"curies":[{"name":"wp","href":"https:\/\/api.w.org\/{rel}","templated":true}]}}