{"id":1560,"date":"2020-09-03T07:45:30","date_gmt":"2020-09-03T07:45:30","guid":{"rendered":"http:\/\/peritosjudiciales2020.com\/?page_id=1560"},"modified":"2022-08-25T13:27:56","modified_gmt":"2022-08-25T13:27:56","slug":"informe-de-valoracion-y-tasacion-de-vehiculos","status":"publish","type":"page","link":"https:\/\/peritosjudiciales2020.com\/index.php\/services\/informe-de-valoracion-y-tasacion-de-vehiculos\/","title":{"rendered":"Informe de Valoraci\u00f3n y Tasaci\u00f3n de Veh\u00edculos"},"content":{"rendered":"\t\t<div data-elementor-type=\"wp-page\" data-elementor-id=\"1560\" class=\"elementor elementor-1560\">\n\t\t\t\t\t\t<section class=\"elementor-section elementor-top-section elementor-element elementor-element-5bded50c elementor-section-content-middle elementor-section-boxed elementor-section-height-default elementor-section-height-default\" data-id=\"5bded50c\" data-element_type=\"section\" data-settings=\"{&quot;background_background&quot;:&quot;classic&quot;}\">\n\t\t\t\t\t\t<div class=\"elementor-container elementor-column-gap-no\">\n\t\t\t\t\t<div class=\"elementor-column elementor-col-50 elementor-top-column elementor-element elementor-element-7a87c12\" data-id=\"7a87c12\" data-element_type=\"column\">\n\t\t\t<div class=\"elementor-widget-wrap elementor-element-populated\">\n\t\t\t\t\t\t<div class=\"elementor-element elementor-element-28cea881 elementor-view-stacked elementor-shape-circle elementor-widget elementor-widget-icon\" data-id=\"28cea881\" data-element_type=\"widget\" data-widget_type=\"icon.default\">\n\t\t\t\t<div class=\"elementor-widget-container\">\n\t\t\t\t\t\t\t<div class=\"elementor-icon-wrapper\">\n\t\t\t<div class=\"elementor-icon\">\n\t\t\t<i aria-hidden=\"true\" class=\"fas fa-car\"><\/i>\t\t\t<\/div>\n\t\t<\/div>\n\t\t\t\t\t\t<\/div>\n\t\t\t\t<\/div>\n\t\t\t\t<div class=\"elementor-element elementor-element-24ca809c elementor-widget elementor-widget-heading\" data-id=\"24ca809c\" data-element_type=\"widget\" data-widget_type=\"heading.default\">\n\t\t\t\t<div class=\"elementor-widget-container\">\n\t\t\t\t\t<h2 class=\"elementor-heading-title elementor-size-default\">Informe de Valoraci\u00f3n y Tasaci\u00f3n de Veh\u00edculos<\/h2>\t\t\t\t<\/div>\n\t\t\t\t<\/div>\n\t\t\t\t<div class=\"elementor-element elementor-element-766b9c70 elementor-widget elementor-widget-text-editor\" data-id=\"766b9c70\" data-element_type=\"widget\" data-widget_type=\"text-editor.default\">\n\t\t\t\t<div class=\"elementor-widget-container\">\n\t\t\t\t\t\t\t\t\t<div><p>Nuestros peritajes de valoraciones y tasaciones determinan el valor econ\u00f3mico\u00a0 de tu coche, furgoneta, moto, todoterreno o cami\u00f3n.<\/p><\/div><div>Este tipo de peritajes lo solicitan los abogados en su mayor\u00eda por temas de embargos, herencias o separaciones matrimoniales. Necesitan saber el valor de mercado que tiene en ese momento el veh\u00edculo a tasar.<\/div><div>\u00a0<\/div>\t\t\t\t\t\t\t\t<\/div>\n\t\t\t\t<\/div>\n\t\t\t\t<section class=\"elementor-section elementor-inner-section elementor-element elementor-element-ff18b2c elementor-section-boxed elementor-section-height-default elementor-section-height-default\" data-id=\"ff18b2c\" data-element_type=\"section\">\n\t\t\t\t\t\t<div class=\"elementor-container elementor-column-gap-default\">\n\t\t\t\t\t<div class=\"elementor-column elementor-col-50 elementor-inner-column elementor-element elementor-element-ad85e3a\" data-id=\"ad85e3a\" data-element_type=\"column\">\n\t\t\t<div class=\"elementor-widget-wrap elementor-element-populated\">\n\t\t\t\t\t\t<div class=\"elementor-element elementor-element-1836f0b elementor-view-default elementor-widget elementor-widget-icon\" data-id=\"1836f0b\" data-element_type=\"widget\" data-widget_type=\"icon.default\">\n\t\t\t\t<div class=\"elementor-widget-container\">\n\t\t\t\t\t\t\t<div class=\"elementor-icon-wrapper\">\n\t\t\t<div class=\"elementor-icon\">\n\t\t\t<i aria-hidden=\"true\" class=\"far fa-bookmark\"><\/i>\t\t\t<\/div>\n\t\t<\/div>\n\t\t\t\t\t\t<\/div>\n\t\t\t\t<\/div>\n\t\t\t\t\t<\/div>\n\t\t<\/div>\n\t\t\t\t<div class=\"elementor-column elementor-col-50 elementor-inner-column elementor-element elementor-element-efc70c0\" data-id=\"efc70c0\" data-element_type=\"column\">\n\t\t\t<div class=\"elementor-widget-wrap elementor-element-populated\">\n\t\t\t\t\t\t<div class=\"elementor-element elementor-element-8a02f21 elementor-widget elementor-widget-heading\" data-id=\"8a02f21\" data-element_type=\"widget\" data-widget_type=\"heading.default\">\n\t\t\t\t<div class=\"elementor-widget-container\">\n\t\t\t\t\t<h2 class=\"elementor-heading-title elementor-size-default\">Trabajos<\/h2>\t\t\t\t<\/div>\n\t\t\t\t<\/div>\n\t\t\t\t\t<\/div>\n\t\t<\/div>\n\t\t\t\t\t<\/div>\n\t\t<\/section>\n\t\t\t\t<div class=\"elementor-element elementor-element-eea61ba elementor-widget elementor-widget-text-editor\" data-id=\"eea61ba\" data-element_type=\"widget\" data-widget_type=\"text-editor.default\">\n\t\t\t\t<div class=\"elementor-widget-container\">\n\t\t\t\t\t\t\t\t\t<div><p><i><b>Nuestra \u00faltima tasaci\u00f3n<\/b><\/i> fue de un turismo que hab\u00eda sido embargado por un banco. El informe pericial sirvi\u00f3 para darle un valor a su coche que result\u00f3 ser superior de lo que en un principio solicitaba la parte contraria.<\/p><\/div>\t\t\t\t\t\t\t\t<\/div>\n\t\t\t\t<\/div>\n\t\t\t\t<div class=\"elementor-element elementor-element-a927838 elementor-widget-divider--view-line elementor-widget elementor-widget-divider\" data-id=\"a927838\" data-element_type=\"widget\" data-widget_type=\"divider.default\">\n\t\t\t\t<div class=\"elementor-widget-container\">\n\t\t\t\t\t\t\t<div class=\"elementor-divider\">\n\t\t\t<span class=\"elementor-divider-separator\">\n\t\t\t\t\t\t<\/span>\n\t\t<\/div>\n\t\t\t\t\t\t<\/div>\n\t\t\t\t<\/div>\n\t\t\t\t<div class=\"elementor-element elementor-element-1f25255a elementor-tablet-align-left elementor-align-center elementor-icon-list--layout-traditional elementor-list-item-link-full_width elementor-widget elementor-widget-icon-list\" data-id=\"1f25255a\" data-element_type=\"widget\" data-widget_type=\"icon-list.default\">\n\t\t\t\t<div class=\"elementor-widget-container\">\n\t\t\t\t\t\t\t<ul class=\"elementor-icon-list-items\">\n\t\t\t\t\t\t\t<li class=\"elementor-icon-list-item\">\n\t\t\t\t\t\t\t\t\t\t\t<span class=\"elementor-icon-list-icon\">\n\t\t\t\t\t\t\t<i aria-hidden=\"true\" class=\"far fa-arrow-alt-circle-right\"><\/i>\t\t\t\t\t\t<\/span>\n\t\t\t\t\t\t\t\t\t\t<span class=\"elementor-icon-list-text\">SI TIENES CUALQUIER CONSULTA<\/span>\n\t\t\t\t\t\t\t\t\t<\/li>\n\t\t\t\t\t\t<\/ul>\n\t\t\t\t\t\t<\/div>\n\t\t\t\t<\/div>\n\t\t\t\t<div class=\"elementor-element elementor-element-362c10c3 elementor-align-center elementor-widget elementor-widget-button\" data-id=\"362c10c3\" data-element_type=\"widget\" data-widget_type=\"button.default\">\n\t\t\t\t<div class=\"elementor-widget-container\">\n\t\t\t\t\t\t\t\t\t<div class=\"elementor-button-wrapper\">\n\t\t\t\t\t<a class=\"elementor-button elementor-button-link elementor-size-md\" href=\"http:\/\/peritosjudiciales2020.com\/index.php\/formulario-de-contacto\/\" id=\"BotonXContacto\">\n\t\t\t\t\t\t<span class=\"elementor-button-content-wrapper\">\n\t\t\t\t\t\t\t\t\t<span class=\"elementor-button-text\">Haz clic aqu\u00ed<\/span>\n\t\t\t\t\t<\/span>\n\t\t\t\t\t<\/a>\n\t\t\t\t<\/div>\n\t\t\t\t\t\t\t\t<\/div>\n\t\t\t\t<\/div>\n\t\t\t\t\t<\/div>\n\t\t<\/div>\n\t\t\t\t<div class=\"elementor-column elementor-col-50 elementor-top-column elementor-element elementor-element-2b8a6559\" data-id=\"2b8a6559\" data-element_type=\"column\" data-settings=\"{&quot;background_background&quot;:&quot;classic&quot;}\">\n\t\t\t<div class=\"elementor-widget-wrap elementor-element-populated\">\n\t\t\t\t\t\t<div class=\"elementor-element elementor-element-21de0eaf elementor-widget__width-auto elementor-absolute elementor-widget elementor-widget-image\" data-id=\"21de0eaf\" data-element_type=\"widget\" data-settings=\"{&quot;_position&quot;:&quot;absolute&quot;}\" data-widget_type=\"image.default\">\n\t\t\t\t<div class=\"elementor-widget-container\">\n\t\t\t\t\t\t\t\t\t\t\t\t\t\t\t<img fetchpriority=\"high\" decoding=\"async\" width=\"1920\" height=\"1280\" src=\"https:\/\/peritosjudiciales2020.com\/wp-content\/uploads\/2020\/09\/auto-788747_1920.jpg\" class=\"attachment-full size-full wp-image-1355\" alt=\"\" srcset=\"https:\/\/peritosjudiciales2020.com\/wp-content\/uploads\/2020\/09\/auto-788747_1920.jpg 1920w, https:\/\/peritosjudiciales2020.com\/wp-content\/uploads\/2020\/09\/auto-788747_1920-300x200.jpg 300w, https:\/\/peritosjudiciales2020.com\/wp-content\/uploads\/2020\/09\/auto-788747_1920-1024x683.jpg 1024w, https:\/\/peritosjudiciales2020.com\/wp-content\/uploads\/2020\/09\/auto-788747_1920-768x512.jpg 768w, https:\/\/peritosjudiciales2020.com\/wp-content\/uploads\/2020\/09\/auto-788747_1920-1536x1024.jpg 1536w\" sizes=\"100vw\" \/>\t\t\t\t\t\t\t\t\t\t\t\t\t\t\t<\/div>\n\t\t\t\t<\/div>\n\t\t\t\t\t<\/div>\n\t\t<\/div>\n\t\t\t\t\t<\/div>\n\t\t<\/section>\n\t\t\t\t<\/div>\n\t\t","protected":false},"excerpt":{"rendered":"<p>Informe de Valoraci\u00f3n y Tasaci\u00f3n de Veh\u00edculos Nuestros peritajes de valoraciones y tasaciones determinan el valor econ\u00f3mico\u00a0 de tu coche, furgoneta, moto, todoterreno o cami\u00f3n. Este tipo de peritajes lo solicitan los abogados en su mayor\u00eda por temas de embargos, herencias o separaciones matrimoniales. Necesitan saber el valor de mercado que tiene en ese momento &hellip; <\/p>\n<p class=\"link-more\"><a href=\"https:\/\/peritosjudiciales2020.com\/index.php\/services\/informe-de-valoracion-y-tasacion-de-vehiculos\/\" class=\"more-link\">Continuar leyendo<span class=\"screen-reader-text\"> \u00abInforme de Valoraci\u00f3n y Tasaci\u00f3n de Veh\u00edculos\u00bb<\/span><\/a><\/p>\n","protected":false},"author":1,"featured_media":0,"parent":21,"menu_order":2,"comment_status":"closed","ping_status":"closed","template":"elementor_canvas","meta":{"_eb_attr":"","om_disable_all_campaigns":false,"_monsterinsights_skip_tracking":false,"_monsterinsights_sitenote_active":false,"_monsterinsights_sitenote_note":"","_monsterinsights_sitenote_category":0,"footnotes":""},"class_list":["post-1560","page","type-page","status-publish","hentry"],"yoast_head":"<!-- This site is optimized with the Yoast SEO plugin v25.9 - https:\/\/yoast.com\/wordpress\/plugins\/seo\/ -->\n<title>Informe de Valoraci\u00f3n y Tasaci\u00f3n de Veh\u00edculos - PERITOS JUDICIALES 2020<\/title>\n<meta name=\"robots\" content=\"index, follow, max-snippet:-1, max-image-preview:large, max-video-preview:-1\" \/>\n<link rel=\"canonical\" href=\"https:\/\/peritosjudiciales2020.com\/index.php\/services\/informe-de-valoracion-y-tasacion-de-vehiculos\/\" \/>\n<meta property=\"og:locale\" content=\"es_ES\" \/>\n<meta property=\"og:type\" content=\"article\" \/>\n<meta property=\"og:title\" content=\"Informe de Valoraci\u00f3n y Tasaci\u00f3n de Veh\u00edculos - PERITOS JUDICIALES 2020\" \/>\n<meta property=\"og:description\" content=\"Informe de Valoraci\u00f3n y Tasaci\u00f3n de Veh\u00edculos Nuestros peritajes de valoraciones y tasaciones determinan el valor econ\u00f3mico\u00a0 de tu coche, furgoneta, moto, todoterreno o cami\u00f3n. Este tipo de peritajes lo solicitan los abogados en su mayor\u00eda por temas de embargos, herencias o separaciones matrimoniales. Necesitan saber el valor de mercado que tiene en ese momento &hellip; Continuar leyendo &quot;Informe de Valoraci\u00f3n y Tasaci\u00f3n de Veh\u00edculos&quot;\" \/>\n<meta property=\"og:url\" content=\"https:\/\/peritosjudiciales2020.com\/index.php\/services\/informe-de-valoracion-y-tasacion-de-vehiculos\/\" \/>\n<meta property=\"og:site_name\" content=\"PERITOS JUDICIALES 2020\" \/>\n<meta property=\"article:modified_time\" content=\"2022-08-25T13:27:56+00:00\" \/>\n<meta property=\"og:image\" content=\"http:\/\/peritosjudiciales2020.com\/wp-content\/uploads\/2020\/09\/auto-788747_1920.jpg\" \/>\n<meta name=\"twitter:card\" content=\"summary_large_image\" \/>\n<meta name=\"twitter:label1\" content=\"Tiempo de lectura\" \/>\n\t<meta name=\"twitter:data1\" content=\"1 minuto\" \/>\n<script type=\"application\/ld+json\" class=\"yoast-schema-graph\">{\"@context\":\"https:\/\/schema.org\",\"@graph\":[{\"@type\":\"WebPage\",\"@id\":\"https:\/\/peritosjudiciales2020.com\/index.php\/services\/informe-de-valoracion-y-tasacion-de-vehiculos\/\",\"url\":\"https:\/\/peritosjudiciales2020.com\/index.php\/services\/informe-de-valoracion-y-tasacion-de-vehiculos\/\",\"name\":\"Informe de Valoraci\u00f3n y Tasaci\u00f3n de Veh\u00edculos - PERITOS JUDICIALES 2020\",\"isPartOf\":{\"@id\":\"https:\/\/peritosjudiciales2020.com\/#website\"},\"primaryImageOfPage\":{\"@id\":\"https:\/\/peritosjudiciales2020.com\/index.php\/services\/informe-de-valoracion-y-tasacion-de-vehiculos\/#primaryimage\"},\"image\":{\"@id\":\"https:\/\/peritosjudiciales2020.com\/index.php\/services\/informe-de-valoracion-y-tasacion-de-vehiculos\/#primaryimage\"},\"thumbnailUrl\":\"https:\/\/peritosjudiciales2020.com\/wp-content\/uploads\/2020\/09\/auto-788747_1920.jpg\",\"datePublished\":\"2020-09-03T07:45:30+00:00\",\"dateModified\":\"2022-08-25T13:27:56+00:00\",\"breadcrumb\":{\"@id\":\"https:\/\/peritosjudiciales2020.com\/index.php\/services\/informe-de-valoracion-y-tasacion-de-vehiculos\/#breadcrumb\"},\"inLanguage\":\"es\",\"potentialAction\":[{\"@type\":\"ReadAction\",\"target\":[\"https:\/\/peritosjudiciales2020.com\/index.php\/services\/informe-de-valoracion-y-tasacion-de-vehiculos\/\"]}]},{\"@type\":\"ImageObject\",\"inLanguage\":\"es\",\"@id\":\"https:\/\/peritosjudiciales2020.com\/index.php\/services\/informe-de-valoracion-y-tasacion-de-vehiculos\/#primaryimage\",\"url\":\"https:\/\/peritosjudiciales2020.com\/wp-content\/uploads\/2020\/09\/auto-788747_1920.jpg\",\"contentUrl\":\"https:\/\/peritosjudiciales2020.com\/wp-content\/uploads\/2020\/09\/auto-788747_1920.jpg\",\"width\":1920,\"height\":1280,\"caption\":\"Informe de Valoraci\u00f3n y Tasaci\u00f3n de Veh\u00edculos\"},{\"@type\":\"BreadcrumbList\",\"@id\":\"https:\/\/peritosjudiciales2020.com\/index.php\/services\/informe-de-valoracion-y-tasacion-de-vehiculos\/#breadcrumb\",\"itemListElement\":[{\"@type\":\"ListItem\",\"position\":1,\"name\":\"navigation\",\"item\":\"https:\/\/peritosjudiciales2020.com\/\"},{\"@type\":\"ListItem\",\"position\":2,\"name\":\"Servicios\",\"item\":\"https:\/\/peritosjudiciales2020.com\/index.php\/services\/\"},{\"@type\":\"ListItem\",\"position\":3,\"name\":\"Informe de Valoraci\u00f3n y Tasaci\u00f3n de Veh\u00edculos\"}]},{\"@type\":\"WebSite\",\"@id\":\"https:\/\/peritosjudiciales2020.com\/#website\",\"url\":\"https:\/\/peritosjudiciales2020.com\/\",\"name\":\"PERITOS JUDICIALES 2020\",\"description\":\"Gabinete especializado en Peritaci\u00f3n Judicial\",\"publisher\":{\"@id\":\"https:\/\/peritosjudiciales2020.com\/#organization\"},\"potentialAction\":[{\"@type\":\"SearchAction\",\"target\":{\"@type\":\"EntryPoint\",\"urlTemplate\":\"https:\/\/peritosjudiciales2020.com\/?s={search_term_string}\"},\"query-input\":{\"@type\":\"PropertyValueSpecification\",\"valueRequired\":true,\"valueName\":\"search_term_string\"}}],\"inLanguage\":\"es\"},{\"@type\":\"Organization\",\"@id\":\"https:\/\/peritosjudiciales2020.com\/#organization\",\"name\":\"PERITOS JUDICIALES 2020\",\"url\":\"https:\/\/peritosjudiciales2020.com\/\",\"logo\":{\"@type\":\"ImageObject\",\"inLanguage\":\"es\",\"@id\":\"https:\/\/peritosjudiciales2020.com\/#\/schema\/logo\/image\/\",\"url\":\"https:\/\/peritosjudiciales2020.com\/wp-content\/uploads\/2023\/08\/cropped-Peritos-Judiciales.png\",\"contentUrl\":\"https:\/\/peritosjudiciales2020.com\/wp-content\/uploads\/2023\/08\/cropped-Peritos-Judiciales.png\",\"width\":250,\"height\":250,\"caption\":\"PERITOS JUDICIALES 2020\"},\"image\":{\"@id\":\"https:\/\/peritosjudiciales2020.com\/#\/schema\/logo\/image\/\"}}]}<\/script>\n<!-- \/ Yoast SEO plugin. -->","yoast_head_json":{"title":"Informe de Valoraci\u00f3n y Tasaci\u00f3n de Veh\u00edculos - PERITOS JUDICIALES 2020","robots":{"index":"index","follow":"follow","max-snippet":"max-snippet:-1","max-image-preview":"max-image-preview:large","max-video-preview":"max-video-preview:-1"},"canonical":"https:\/\/peritosjudiciales2020.com\/index.php\/services\/informe-de-valoracion-y-tasacion-de-vehiculos\/","og_locale":"es_ES","og_type":"article","og_title":"Informe de Valoraci\u00f3n y Tasaci\u00f3n de Veh\u00edculos - PERITOS JUDICIALES 2020","og_description":"Informe de Valoraci\u00f3n y Tasaci\u00f3n de Veh\u00edculos Nuestros peritajes de valoraciones y tasaciones determinan el valor econ\u00f3mico\u00a0 de tu coche, furgoneta, moto, todoterreno o cami\u00f3n. Este tipo de peritajes lo solicitan los abogados en su mayor\u00eda por temas de embargos, herencias o separaciones matrimoniales. Necesitan saber el valor de mercado que tiene en ese momento &hellip; Continuar leyendo \"Informe de Valoraci\u00f3n y Tasaci\u00f3n de Veh\u00edculos\"","og_url":"https:\/\/peritosjudiciales2020.com\/index.php\/services\/informe-de-valoracion-y-tasacion-de-vehiculos\/","og_site_name":"PERITOS JUDICIALES 2020","article_modified_time":"2022-08-25T13:27:56+00:00","og_image":[{"url":"http:\/\/peritosjudiciales2020.com\/wp-content\/uploads\/2020\/09\/auto-788747_1920.jpg","type":"","width":"","height":""}],"twitter_card":"summary_large_image","twitter_misc":{"Tiempo de lectura":"1 minuto"},"schema":{"@context":"https:\/\/schema.org","@graph":[{"@type":"WebPage","@id":"https:\/\/peritosjudiciales2020.com\/index.php\/services\/informe-de-valoracion-y-tasacion-de-vehiculos\/","url":"https:\/\/peritosjudiciales2020.com\/index.php\/services\/informe-de-valoracion-y-tasacion-de-vehiculos\/","name":"Informe de Valoraci\u00f3n y Tasaci\u00f3n de Veh\u00edculos - PERITOS JUDICIALES 2020","isPartOf":{"@id":"https:\/\/peritosjudiciales2020.com\/#website"},"primaryImageOfPage":{"@id":"https:\/\/peritosjudiciales2020.com\/index.php\/services\/informe-de-valoracion-y-tasacion-de-vehiculos\/#primaryimage"},"image":{"@id":"https:\/\/peritosjudiciales2020.com\/index.php\/services\/informe-de-valoracion-y-tasacion-de-vehiculos\/#primaryimage"},"thumbnailUrl":"https:\/\/peritosjudiciales2020.com\/wp-content\/uploads\/2020\/09\/auto-788747_1920.jpg","datePublished":"2020-09-03T07:45:30+00:00","dateModified":"2022-08-25T13:27:56+00:00","breadcrumb":{"@id":"https:\/\/peritosjudiciales2020.com\/index.php\/services\/informe-de-valoracion-y-tasacion-de-vehiculos\/#breadcrumb"},"inLanguage":"es","potentialAction":[{"@type":"ReadAction","target":["https:\/\/peritosjudiciales2020.com\/index.php\/services\/informe-de-valoracion-y-tasacion-de-vehiculos\/"]}]},{"@type":"ImageObject","inLanguage":"es","@id":"https:\/\/peritosjudiciales2020.com\/index.php\/services\/informe-de-valoracion-y-tasacion-de-vehiculos\/#primaryimage","url":"https:\/\/peritosjudiciales2020.com\/wp-content\/uploads\/2020\/09\/auto-788747_1920.jpg","contentUrl":"https:\/\/peritosjudiciales2020.com\/wp-content\/uploads\/2020\/09\/auto-788747_1920.jpg","width":1920,"height":1280,"caption":"Informe de Valoraci\u00f3n y Tasaci\u00f3n de Veh\u00edculos"},{"@type":"BreadcrumbList","@id":"https:\/\/peritosjudiciales2020.com\/index.php\/services\/informe-de-valoracion-y-tasacion-de-vehiculos\/#breadcrumb","itemListElement":[{"@type":"ListItem","position":1,"name":"navigation","item":"https:\/\/peritosjudiciales2020.com\/"},{"@type":"ListItem","position":2,"name":"Servicios","item":"https:\/\/peritosjudiciales2020.com\/index.php\/services\/"},{"@type":"ListItem","position":3,"name":"Informe de Valoraci\u00f3n y Tasaci\u00f3n de Veh\u00edculos"}]},{"@type":"WebSite","@id":"https:\/\/peritosjudiciales2020.com\/#website","url":"https:\/\/peritosjudiciales2020.com\/","name":"PERITOS JUDICIALES 2020","description":"Gabinete especializado en Peritaci\u00f3n Judicial","publisher":{"@id":"https:\/\/peritosjudiciales2020.com\/#organization"},"potentialAction":[{"@type":"SearchAction","target":{"@type":"EntryPoint","urlTemplate":"https:\/\/peritosjudiciales2020.com\/?s={search_term_string}"},"query-input":{"@type":"PropertyValueSpecification","valueRequired":true,"valueName":"search_term_string"}}],"inLanguage":"es"},{"@type":"Organization","@id":"https:\/\/peritosjudiciales2020.com\/#organization","name":"PERITOS JUDICIALES 2020","url":"https:\/\/peritosjudiciales2020.com\/","logo":{"@type":"ImageObject","inLanguage":"es","@id":"https:\/\/peritosjudiciales2020.com\/#\/schema\/logo\/image\/","url":"https:\/\/peritosjudiciales2020.com\/wp-content\/uploads\/2023\/08\/cropped-Peritos-Judiciales.png","contentUrl":"https:\/\/peritosjudiciales2020.com\/wp-content\/uploads\/2023\/08\/cropped-Peritos-Judiciales.png","width":250,"height":250,"caption":"PERITOS JUDICIALES 2020"},"image":{"@id":"https:\/\/peritosjudiciales2020.com\/#\/schema\/logo\/image\/"}}]}},"_links":{"self":[{"href":"https:\/\/peritosjudiciales2020.com\/index.php\/wp-json\/wp\/v2\/pages\/1560","targetHints":{"allow":["GET"]}}],"collection":[{"href":"https:\/\/peritosjudiciales2020.com\/index.php\/wp-json\/wp\/v2\/pages"}],"about":[{"href":"https:\/\/peritosjudiciales2020.com\/index.php\/wp-json\/wp\/v2\/types\/page"}],"author":[{"embeddable":true,"href":"https:\/\/peritosjudiciales2020.com\/index.php\/wp-json\/wp\/v2\/users\/1"}],"replies":[{"embeddable":true,"href":"https:\/\/peritosjudiciales2020.com\/index.php\/wp-json\/wp\/v2\/comments?post=1560"}],"version-history":[{"count":10,"href":"https:\/\/peritosjudiciales2020.com\/index.php\/wp-json\/wp\/v2\/pages\/1560\/revisions"}],"predecessor-version":[{"id":2360,"href":"https:\/\/peritosjudiciales2020.com\/index.php\/wp-json\/wp\/v2\/pages\/1560\/revisions\/2360"}],"up":[{"embeddable":true,"href":"https:\/\/peritosjudiciales2020.com\/index.php\/wp-json\/wp\/v2\/pages\/21"}],"wp:attachment":[{"href":"https:\/\/peritosjudiciales2020.com\/index.php\/wp-json\/wp\/v2\/media?parent=1560"}],"curies":[{"name":"wp","href":"https:\/\/api.w.org\/{rel}","templated":true}]}}