{"id":1447,"date":"2020-09-02T09:40:25","date_gmt":"2020-09-02T09:40:25","guid":{"rendered":"http:\/\/peritosjudiciales2020.com\/?page_id=1447"},"modified":"2020-09-02T09:40:25","modified_gmt":"2020-09-02T09:40:25","slug":"aviso-legal","status":"publish","type":"page","link":"https:\/\/peritosjudiciales2020.com\/index.php\/aviso-legal\/","title":{"rendered":"Aviso Legal"},"content":{"rendered":"\n<h2 class=\"wp-block-heading\">Aviso Legal<\/h2>\n\n\n\n<p>Peritos Judiciales 2020, ubicada en 08840 Viladecans \u00b7 Barcelona \u00b7 Spain, no puede asumir ninguna responsabilidad derivada del uso incorrecto, inapropiado o il\u00edcito de la informaci\u00f3n aparecida en la p\u00e1gina de Internet de www.peritosjudiciales2020.com<br>Con los l\u00edmites establecidos en la ley y no asume ninguna responsabilidad derivada de la falta de veracidad, integridad, actualizaci\u00f3n y precisi\u00f3n de los datos o informaciones que se contienen en sus p\u00e1ginas de Internet.<br>Los contenidos e informaci\u00f3n no vinculan ni constituyen opiniones, consejos o asesoramiento legal de ning\u00fan tipo pues se trata meramente de un servicio ofrecido con car\u00e1cter informativo y divulgativo.<br>La p\u00e1gina de Internet www.peritosjudiciales2020.com puede contener enlaces (links) a otras p\u00e1ginas de terceras partes que no puede controlar. Por lo tanto, no puede asumir responsabilidades por el contenido que pueda aparecer en p\u00e1ginas de terceros.<br>Los textos, im\u00e1genes, sonidos, animaciones, software y el resto de contenidos incluidos en este website son propiedad exclusiva de Perito Judiciales 2020 o sus licenciantes. Cualquier acto de transmisi\u00f3n, distribuci\u00f3n, cesi\u00f3n, reproducci\u00f3n, almacenamiento o comunicaci\u00f3n p\u00fablica total o parcial, debe contar con el consentimiento expreso .<br>Asimismo, para acceder a algunos de los servicios que www.peritosjudiciales2020.com ofrece a trav\u00e9s del website deber\u00e1 proporcionar algunos datos de car\u00e1cter personal. En cumplimiento de lo establecido en el Reglamento (UE) 2016\/679 del Parlamento Europeo y del Consejo, de 27 de abril de 2016, relativo a la protecci\u00f3n de las personas f\u00edsicas en lo que respecta al tratamiento de datos personales y a la libre circulaci\u00f3n de estos datos le informamos que, mediante la cumplimentaci\u00f3n de los presentes formularios, sus datos personales quedar\u00e1n incorporados y ser\u00e1n tratados en los ficheros\u00a0 con el fin de poderle prestar y ofrecer nuestros servicios as\u00ed como para informarle de las mejoras del sitio Web. Asimismo, le informamos de la posibilidad de que ejerza los derechos de acceso, rectificaci\u00f3n, cancelaci\u00f3n y oposici\u00f3n de sus datos de car\u00e1cter personal, manera gratuita mediante email a:  peritacionesjudiciales2020@gmail.com. <\/p>\n\n\n\n<p><\/p>\n","protected":false},"excerpt":{"rendered":"<p>Aviso Legal Peritos Judiciales 2020, ubicada en 08840 Viladecans \u00b7 Barcelona \u00b7 Spain, no puede asumir ninguna responsabilidad derivada del uso incorrecto, inapropiado o il\u00edcito de la informaci\u00f3n aparecida en la p\u00e1gina de Internet de www.peritosjudiciales2020.comCon los l\u00edmites establecidos en la ley y no asume ninguna responsabilidad derivada de la falta de veracidad, integridad, actualizaci\u00f3n &hellip; <\/p>\n<p class=\"link-more\"><a href=\"https:\/\/peritosjudiciales2020.com\/index.php\/aviso-legal\/\" class=\"more-link\">Continuar leyendo<span class=\"screen-reader-text\"> \u00abAviso Legal\u00bb<\/span><\/a><\/p>\n","protected":false},"author":1,"featured_media":0,"parent":0,"menu_order":0,"comment_status":"closed","ping_status":"closed","template":"","meta":{"_eb_attr":"","om_disable_all_campaigns":false,"_monsterinsights_skip_tracking":false,"_monsterinsights_sitenote_active":false,"_monsterinsights_sitenote_note":"","_monsterinsights_sitenote_category":0,"footnotes":""},"class_list":["post-1447","page","type-page","status-publish","hentry"],"yoast_head":"<!-- This site is optimized with the Yoast SEO plugin v25.9 - https:\/\/yoast.com\/wordpress\/plugins\/seo\/ -->\n<title>Aviso Legal - PERITOS JUDICIALES 2020<\/title>\n<meta name=\"robots\" content=\"index, follow, max-snippet:-1, max-image-preview:large, max-video-preview:-1\" \/>\n<link rel=\"canonical\" href=\"https:\/\/peritosjudiciales2020.com\/index.php\/aviso-legal\/\" \/>\n<meta property=\"og:locale\" content=\"es_ES\" \/>\n<meta property=\"og:type\" content=\"article\" \/>\n<meta property=\"og:title\" content=\"Aviso Legal - PERITOS JUDICIALES 2020\" \/>\n<meta property=\"og:description\" content=\"Aviso Legal Peritos Judiciales 2020, ubicada en 08840 Viladecans \u00b7 Barcelona \u00b7 Spain, no puede asumir ninguna responsabilidad derivada del uso incorrecto, inapropiado o il\u00edcito de la informaci\u00f3n aparecida en la p\u00e1gina de Internet de www.peritosjudiciales2020.comCon los l\u00edmites establecidos en la ley y no asume ninguna responsabilidad derivada de la falta de veracidad, integridad, actualizaci\u00f3n &hellip; Continuar leyendo &quot;Aviso Legal&quot;\" \/>\n<meta property=\"og:url\" content=\"https:\/\/peritosjudiciales2020.com\/index.php\/aviso-legal\/\" \/>\n<meta property=\"og:site_name\" content=\"PERITOS JUDICIALES 2020\" \/>\n<meta name=\"twitter:card\" content=\"summary_large_image\" \/>\n<meta name=\"twitter:label1\" content=\"Tiempo de lectura\" \/>\n\t<meta name=\"twitter:data1\" content=\"2 minutos\" \/>\n<script type=\"application\/ld+json\" class=\"yoast-schema-graph\">{\"@context\":\"https:\/\/schema.org\",\"@graph\":[{\"@type\":\"WebPage\",\"@id\":\"https:\/\/peritosjudiciales2020.com\/index.php\/aviso-legal\/\",\"url\":\"https:\/\/peritosjudiciales2020.com\/index.php\/aviso-legal\/\",\"name\":\"Aviso Legal - PERITOS JUDICIALES 2020\",\"isPartOf\":{\"@id\":\"https:\/\/peritosjudiciales2020.com\/#website\"},\"datePublished\":\"2020-09-02T09:40:25+00:00\",\"breadcrumb\":{\"@id\":\"https:\/\/peritosjudiciales2020.com\/index.php\/aviso-legal\/#breadcrumb\"},\"inLanguage\":\"es\",\"potentialAction\":[{\"@type\":\"ReadAction\",\"target\":[\"https:\/\/peritosjudiciales2020.com\/index.php\/aviso-legal\/\"]}]},{\"@type\":\"BreadcrumbList\",\"@id\":\"https:\/\/peritosjudiciales2020.com\/index.php\/aviso-legal\/#breadcrumb\",\"itemListElement\":[{\"@type\":\"ListItem\",\"position\":1,\"name\":\"navigation\",\"item\":\"https:\/\/peritosjudiciales2020.com\/\"},{\"@type\":\"ListItem\",\"position\":2,\"name\":\"Aviso Legal\"}]},{\"@type\":\"WebSite\",\"@id\":\"https:\/\/peritosjudiciales2020.com\/#website\",\"url\":\"https:\/\/peritosjudiciales2020.com\/\",\"name\":\"PERITOS JUDICIALES 2020\",\"description\":\"Gabinete especializado en Peritaci\u00f3n Judicial\",\"publisher\":{\"@id\":\"https:\/\/peritosjudiciales2020.com\/#organization\"},\"potentialAction\":[{\"@type\":\"SearchAction\",\"target\":{\"@type\":\"EntryPoint\",\"urlTemplate\":\"https:\/\/peritosjudiciales2020.com\/?s={search_term_string}\"},\"query-input\":{\"@type\":\"PropertyValueSpecification\",\"valueRequired\":true,\"valueName\":\"search_term_string\"}}],\"inLanguage\":\"es\"},{\"@type\":\"Organization\",\"@id\":\"https:\/\/peritosjudiciales2020.com\/#organization\",\"name\":\"PERITOS JUDICIALES 2020\",\"url\":\"https:\/\/peritosjudiciales2020.com\/\",\"logo\":{\"@type\":\"ImageObject\",\"inLanguage\":\"es\",\"@id\":\"https:\/\/peritosjudiciales2020.com\/#\/schema\/logo\/image\/\",\"url\":\"https:\/\/peritosjudiciales2020.com\/wp-content\/uploads\/2023\/08\/cropped-Peritos-Judiciales.png\",\"contentUrl\":\"https:\/\/peritosjudiciales2020.com\/wp-content\/uploads\/2023\/08\/cropped-Peritos-Judiciales.png\",\"width\":250,\"height\":250,\"caption\":\"PERITOS JUDICIALES 2020\"},\"image\":{\"@id\":\"https:\/\/peritosjudiciales2020.com\/#\/schema\/logo\/image\/\"}}]}<\/script>\n<!-- \/ Yoast SEO plugin. -->","yoast_head_json":{"title":"Aviso Legal - PERITOS JUDICIALES 2020","robots":{"index":"index","follow":"follow","max-snippet":"max-snippet:-1","max-image-preview":"max-image-preview:large","max-video-preview":"max-video-preview:-1"},"canonical":"https:\/\/peritosjudiciales2020.com\/index.php\/aviso-legal\/","og_locale":"es_ES","og_type":"article","og_title":"Aviso Legal - PERITOS JUDICIALES 2020","og_description":"Aviso Legal Peritos Judiciales 2020, ubicada en 08840 Viladecans \u00b7 Barcelona \u00b7 Spain, no puede asumir ninguna responsabilidad derivada del uso incorrecto, inapropiado o il\u00edcito de la informaci\u00f3n aparecida en la p\u00e1gina de Internet de www.peritosjudiciales2020.comCon los l\u00edmites establecidos en la ley y no asume ninguna responsabilidad derivada de la falta de veracidad, integridad, actualizaci\u00f3n &hellip; Continuar leyendo \"Aviso Legal\"","og_url":"https:\/\/peritosjudiciales2020.com\/index.php\/aviso-legal\/","og_site_name":"PERITOS JUDICIALES 2020","twitter_card":"summary_large_image","twitter_misc":{"Tiempo de lectura":"2 minutos"},"schema":{"@context":"https:\/\/schema.org","@graph":[{"@type":"WebPage","@id":"https:\/\/peritosjudiciales2020.com\/index.php\/aviso-legal\/","url":"https:\/\/peritosjudiciales2020.com\/index.php\/aviso-legal\/","name":"Aviso Legal - PERITOS JUDICIALES 2020","isPartOf":{"@id":"https:\/\/peritosjudiciales2020.com\/#website"},"datePublished":"2020-09-02T09:40:25+00:00","breadcrumb":{"@id":"https:\/\/peritosjudiciales2020.com\/index.php\/aviso-legal\/#breadcrumb"},"inLanguage":"es","potentialAction":[{"@type":"ReadAction","target":["https:\/\/peritosjudiciales2020.com\/index.php\/aviso-legal\/"]}]},{"@type":"BreadcrumbList","@id":"https:\/\/peritosjudiciales2020.com\/index.php\/aviso-legal\/#breadcrumb","itemListElement":[{"@type":"ListItem","position":1,"name":"navigation","item":"https:\/\/peritosjudiciales2020.com\/"},{"@type":"ListItem","position":2,"name":"Aviso Legal"}]},{"@type":"WebSite","@id":"https:\/\/peritosjudiciales2020.com\/#website","url":"https:\/\/peritosjudiciales2020.com\/","name":"PERITOS JUDICIALES 2020","description":"Gabinete especializado en Peritaci\u00f3n Judicial","publisher":{"@id":"https:\/\/peritosjudiciales2020.com\/#organization"},"potentialAction":[{"@type":"SearchAction","target":{"@type":"EntryPoint","urlTemplate":"https:\/\/peritosjudiciales2020.com\/?s={search_term_string}"},"query-input":{"@type":"PropertyValueSpecification","valueRequired":true,"valueName":"search_term_string"}}],"inLanguage":"es"},{"@type":"Organization","@id":"https:\/\/peritosjudiciales2020.com\/#organization","name":"PERITOS JUDICIALES 2020","url":"https:\/\/peritosjudiciales2020.com\/","logo":{"@type":"ImageObject","inLanguage":"es","@id":"https:\/\/peritosjudiciales2020.com\/#\/schema\/logo\/image\/","url":"https:\/\/peritosjudiciales2020.com\/wp-content\/uploads\/2023\/08\/cropped-Peritos-Judiciales.png","contentUrl":"https:\/\/peritosjudiciales2020.com\/wp-content\/uploads\/2023\/08\/cropped-Peritos-Judiciales.png","width":250,"height":250,"caption":"PERITOS JUDICIALES 2020"},"image":{"@id":"https:\/\/peritosjudiciales2020.com\/#\/schema\/logo\/image\/"}}]}},"_links":{"self":[{"href":"https:\/\/peritosjudiciales2020.com\/index.php\/wp-json\/wp\/v2\/pages\/1447","targetHints":{"allow":["GET"]}}],"collection":[{"href":"https:\/\/peritosjudiciales2020.com\/index.php\/wp-json\/wp\/v2\/pages"}],"about":[{"href":"https:\/\/peritosjudiciales2020.com\/index.php\/wp-json\/wp\/v2\/types\/page"}],"author":[{"embeddable":true,"href":"https:\/\/peritosjudiciales2020.com\/index.php\/wp-json\/wp\/v2\/users\/1"}],"replies":[{"embeddable":true,"href":"https:\/\/peritosjudiciales2020.com\/index.php\/wp-json\/wp\/v2\/comments?post=1447"}],"version-history":[{"count":1,"href":"https:\/\/peritosjudiciales2020.com\/index.php\/wp-json\/wp\/v2\/pages\/1447\/revisions"}],"predecessor-version":[{"id":1448,"href":"https:\/\/peritosjudiciales2020.com\/index.php\/wp-json\/wp\/v2\/pages\/1447\/revisions\/1448"}],"wp:attachment":[{"href":"https:\/\/peritosjudiciales2020.com\/index.php\/wp-json\/wp\/v2\/media?parent=1447"}],"curies":[{"name":"wp","href":"https:\/\/api.w.org\/{rel}","templated":true}]}}