{"id":1301,"date":"2020-07-30T16:50:36","date_gmt":"2020-07-30T16:50:36","guid":{"rendered":"http:\/\/peritosjudiciales2020.com\/?page_id=1301"},"modified":"2023-08-24T14:40:21","modified_gmt":"2023-08-24T14:40:21","slug":"formulario-de-contacto","status":"publish","type":"page","link":"https:\/\/peritosjudiciales2020.com\/index.php\/contact\/formulario-de-contacto\/","title":{"rendered":"Formulario de contacto"},"content":{"rendered":"\t\t<div data-elementor-type=\"wp-page\" data-elementor-id=\"1301\" class=\"elementor elementor-1301\">\n\t\t\t\t\t\t<section class=\"elementor-section elementor-top-section elementor-element elementor-element-39c2a09 elementor-section-stretched elementor-section-boxed elementor-section-height-default elementor-section-height-default\" data-id=\"39c2a09\" data-element_type=\"section\" data-settings=\"{&quot;stretch_section&quot;:&quot;section-stretched&quot;,&quot;background_background&quot;:&quot;slideshow&quot;,&quot;background_slideshow_gallery&quot;:[],&quot;background_slideshow_slide_duration&quot;:5000,&quot;background_slideshow_slide_transition&quot;:&quot;fade&quot;,&quot;background_slideshow_transition_duration&quot;:500}\">\n\t\t\t\t\t\t\t<div class=\"elementor-background-overlay\"><\/div>\n\t\t\t\t\t\t\t<div class=\"elementor-container elementor-column-gap-default\">\n\t\t\t\t\t<div class=\"elementor-column elementor-col-100 elementor-top-column elementor-element elementor-element-464109b\" data-id=\"464109b\" data-element_type=\"column\">\n\t\t\t<div class=\"elementor-widget-wrap\">\n\t\t\t\t\t\t\t<\/div>\n\t\t<\/div>\n\t\t\t\t\t<\/div>\n\t\t<\/section>\n\t\t\t\t<section class=\"elementor-section elementor-top-section elementor-element elementor-element-68e9f1a elementor-section-stretched elementor-section-boxed elementor-section-height-default elementor-section-height-default\" data-id=\"68e9f1a\" data-element_type=\"section\" data-settings=\"{&quot;stretch_section&quot;:&quot;section-stretched&quot;,&quot;background_background&quot;:&quot;slideshow&quot;,&quot;background_slideshow_gallery&quot;:[],&quot;background_slideshow_loop&quot;:&quot;yes&quot;,&quot;background_slideshow_slide_duration&quot;:5000,&quot;background_slideshow_slide_transition&quot;:&quot;fade&quot;,&quot;background_slideshow_transition_duration&quot;:500}\">\n\t\t\t\t\t\t<div class=\"elementor-container elementor-column-gap-default\">\n\t\t\t\t\t<div class=\"elementor-column elementor-col-100 elementor-top-column elementor-element elementor-element-959f59f\" data-id=\"959f59f\" data-element_type=\"column\">\n\t\t\t<div class=\"elementor-widget-wrap elementor-element-populated\">\n\t\t\t\t\t\t<section class=\"elementor-section elementor-inner-section elementor-element elementor-element-2bad46c elementor-section-boxed elementor-section-height-default elementor-section-height-default\" data-id=\"2bad46c\" data-element_type=\"section\">\n\t\t\t\t\t\t<div class=\"elementor-container elementor-column-gap-default\">\n\t\t\t\t\t<div class=\"elementor-column elementor-col-50 elementor-inner-column elementor-element elementor-element-ccb413a\" data-id=\"ccb413a\" data-element_type=\"column\">\n\t\t\t<div class=\"elementor-widget-wrap\">\n\t\t\t\t\t\t\t<\/div>\n\t\t<\/div>\n\t\t\t\t<div class=\"elementor-column elementor-col-50 elementor-inner-column elementor-element elementor-element-7cee1f3\" data-id=\"7cee1f3\" data-element_type=\"column\">\n\t\t\t<div class=\"elementor-widget-wrap elementor-element-populated\">\n\t\t\t\t\t\t<div class=\"elementor-element elementor-element-7b7256f elementor-widget elementor-widget-heading\" data-id=\"7b7256f\" data-element_type=\"widget\" data-widget_type=\"heading.default\">\n\t\t\t\t<div class=\"elementor-widget-container\">\n\t\t\t\t\t<h1 class=\"elementor-heading-title elementor-size-default\">\u00bfEN QU\u00c9 TE PODEMOS AYUDAR?<\/h1>\t\t\t\t<\/div>\n\t\t\t\t<\/div>\n\t\t\t\t<div class=\"elementor-element elementor-element-32b7228 elementor-widget elementor-widget-text-editor\" data-id=\"32b7228\" data-element_type=\"widget\" data-widget_type=\"text-editor.default\">\n\t\t\t\t<div class=\"elementor-widget-container\">\n\t\t\t\t\t\t\t\t\t<p><span style=\"font-weight: var( --e-global-typography-text-font-weight ); font-size: 1rem;\">Ind\u00edcanos el car\u00e1cter de tu consulta o escribe una breve descripci\u00f3n para que uno de nuestros especialistas contacte contigo y te asesore.<\/span><br><\/p>\n<p>Esta primera consulta es <strong>GRATUITA<\/strong><\/p>\t\t\t\t\t\t\t\t<\/div>\n\t\t\t\t<\/div>\n\t\t\t\t<div class=\"elementor-element elementor-element-1d648ca elementor-widget elementor-widget-spacer\" data-id=\"1d648ca\" data-element_type=\"widget\" data-widget_type=\"spacer.default\">\n\t\t\t\t<div class=\"elementor-widget-container\">\n\t\t\t\t\t\t\t<div class=\"elementor-spacer\">\n\t\t\t<div class=\"elementor-spacer-inner\"><\/div>\n\t\t<\/div>\n\t\t\t\t\t\t<\/div>\n\t\t\t\t<\/div>\n\t\t\t\t\t<\/div>\n\t\t<\/div>\n\t\t\t\t\t<\/div>\n\t\t<\/section>\n\t\t\t\t<div class=\"elementor-element elementor-element-6542bc5 elementor-widget elementor-widget-shortcode\" data-id=\"6542bc5\" data-element_type=\"widget\" data-widget_type=\"shortcode.default\">\n\t\t\t\t<div class=\"elementor-widget-container\">\n\t\t\t\t\t\t\t<div class=\"elementor-shortcode\"><div class=\"wpforms-container \" id=\"wpforms-4\"><form id=\"wpforms-form-4\" class=\"wpforms-validate wpforms-form\" data-formid=\"4\" method=\"post\" enctype=\"multipart\/form-data\" action=\"\/index.php\/wp-json\/wp\/v2\/pages\/1301\" data-token=\"6ff3bd2424be3545894974460a20a3fe\" data-token-time=\"1778067618\"><noscript class=\"wpforms-error-noscript\">Por favor, activa JavaScript en tu navegador para completar este formulario.<\/noscript><div class=\"wpforms-field-container\"><div id=\"wpforms-4-field_0-container\" class=\"wpforms-field wpforms-field-name\" data-field-id=\"0\"><label class=\"wpforms-field-label\" for=\"wpforms-4-field_0\">Nombre <span class=\"wpforms-required-label\">*<\/span><\/label><input type=\"text\" id=\"wpforms-4-field_0\" class=\"wpforms-field-large wpforms-field-required\" name=\"wpforms[fields][0]\" required><\/div><div id=\"wpforms-4-field_1-container\" class=\"wpforms-field wpforms-field-email\" data-field-id=\"1\"><label class=\"wpforms-field-label\" for=\"wpforms-4-field_1\">Correo electr\u00f3nico <span class=\"wpforms-required-label\">*<\/span><\/label><input type=\"email\" id=\"wpforms-4-field_1\" class=\"wpforms-field-large wpforms-field-required\" name=\"wpforms[fields][1]\" spellcheck=\"false\" required><\/div><div id=\"wpforms-4-field_5-container\" class=\"wpforms-field wpforms-field-radio\" data-field-id=\"5\"><label class=\"wpforms-field-label\">Consulta sobre<\/label><ul id=\"wpforms-4-field_5\"><li class=\"choice-1 depth-1\"><input type=\"radio\" id=\"wpforms-4-field_5_1\" name=\"wpforms[fields][5]\" value=\"Peritaciones Judiciales\"  ><label class=\"wpforms-field-label-inline\" for=\"wpforms-4-field_5_1\">Peritaciones Judiciales<\/label><\/li><li class=\"choice-5 depth-1\"><input type=\"radio\" id=\"wpforms-4-field_5_5\" name=\"wpforms[fields][5]\" value=\"Peritaci\u00f3n en da\u00f1os de veh\u00edculos (vicios ocultos, accidentes...)\"  ><label class=\"wpforms-field-label-inline\" for=\"wpforms-4-field_5_5\">Peritaci\u00f3n en da\u00f1os de veh\u00edculos (vicios ocultos, accidentes...)<\/label><\/li><li class=\"choice-2 depth-1\"><input type=\"radio\" id=\"wpforms-4-field_5_2\" name=\"wpforms[fields][5]\" value=\"Tasaci\u00f3n y\/o valoraci\u00f3n de veh\u00edculos\"  ><label class=\"wpforms-field-label-inline\" for=\"wpforms-4-field_5_2\">Tasaci\u00f3n y\/o valoraci\u00f3n de veh\u00edculos<\/label><\/li><li class=\"choice-3 depth-1\"><input type=\"radio\" id=\"wpforms-4-field_5_3\" name=\"wpforms[fields][5]\" value=\"Tasaci\u00f3n y\/o valoraci\u00f3n de bienes inmuebles\"  ><label class=\"wpforms-field-label-inline\" for=\"wpforms-4-field_5_3\">Tasaci\u00f3n y\/o valoraci\u00f3n de bienes inmuebles<\/label><\/li><li class=\"choice-4 depth-1\"><input type=\"radio\" id=\"wpforms-4-field_5_4\" name=\"wpforms[fields][5]\" value=\"Impugnaci\u00f3n catastral\"  ><label class=\"wpforms-field-label-inline\" for=\"wpforms-4-field_5_4\">Impugnaci\u00f3n catastral<\/label><\/li><li class=\"choice-7 depth-1\"><input type=\"radio\" id=\"wpforms-4-field_5_7\" name=\"wpforms[fields][5]\" value=\"Reclamaciones a compa\u00f1\u00edas aseguradoras\"  ><label class=\"wpforms-field-label-inline\" for=\"wpforms-4-field_5_7\">Reclamaciones a compa\u00f1\u00edas aseguradoras<\/label><\/li><li class=\"choice-6 depth-1\"><input type=\"radio\" id=\"wpforms-4-field_5_6\" name=\"wpforms[fields][5]\" value=\"Otros\"  ><label class=\"wpforms-field-label-inline\" for=\"wpforms-4-field_5_6\">Otros<\/label><\/li><\/ul><\/div><div id=\"wpforms-4-field_2-container\" class=\"wpforms-field wpforms-field-textarea\" data-field-id=\"2\"><label class=\"wpforms-field-label\" for=\"wpforms-4-field_2\">Comentario o mensaje <span class=\"wpforms-required-label\">*<\/span><\/label><textarea id=\"wpforms-4-field_2\" class=\"wpforms-field-medium wpforms-field-required\" name=\"wpforms[fields][2]\" required><\/textarea><\/div><div id=\"wpforms-4-field_3-container\" class=\"wpforms-field wpforms-field-checkbox\" data-field-id=\"3\"><label class=\"wpforms-field-label\">Autorizo<\/label><ul id=\"wpforms-4-field_3\"><li class=\"choice-1 depth-1 wpforms-selected\"><input type=\"checkbox\" id=\"wpforms-4-field_3_1\" name=\"wpforms[fields][3][]\" value=\"RGDP\"   checked='checked'><label class=\"wpforms-field-label-inline\" for=\"wpforms-4-field_3_1\">RGDP<\/label><\/li><\/ul><div class=\"wpforms-field-description\">Doy mi consentimiento para que este sitio web almacene la informaci\u00f3n enviada y as\u00ed puedan responder a mi consulta.<\/div><\/div><\/div><!-- .wpforms-field-container --><div class=\"wpforms-submit-container\" ><input type=\"hidden\" name=\"wpforms[id]\" value=\"4\"><input type=\"hidden\" name=\"page_title\" value=\"\"><input type=\"hidden\" name=\"page_url\" value=\"https:\/\/peritosjudiciales2020.com\/index.php\/wp-json\/wp\/v2\/pages\/1301\"><input type=\"hidden\" name=\"url_referer\" value=\"\"><button type=\"submit\" name=\"wpforms[submit]\" id=\"wpforms-submit-4\" class=\"wpforms-submit\" aria-live=\"assertive\" value=\"wpforms-submit\">Enviar<\/button><\/div><\/form><\/div>  <!-- .wpforms-container --><\/div>\n\t\t\t\t\t\t<\/div>\n\t\t\t\t<\/div>\n\t\t\t\t\t<\/div>\n\t\t<\/div>\n\t\t\t\t\t<\/div>\n\t\t<\/section>\n\t\t\t\t<section class=\"elementor-section elementor-top-section elementor-element elementor-element-e476192 elementor-section-boxed elementor-section-height-default elementor-section-height-default\" data-id=\"e476192\" data-element_type=\"section\">\n\t\t\t\t\t\t<div class=\"elementor-container elementor-column-gap-default\">\n\t\t\t\t\t<div class=\"elementor-column elementor-col-100 elementor-top-column elementor-element elementor-element-ed29c6e\" data-id=\"ed29c6e\" data-element_type=\"column\">\n\t\t\t<div class=\"elementor-widget-wrap elementor-element-populated\">\n\t\t\t\t\t\t<div class=\"elementor-element elementor-element-211cf46 elementor-widget elementor-widget-spacer\" data-id=\"211cf46\" data-element_type=\"widget\" data-widget_type=\"spacer.default\">\n\t\t\t\t<div class=\"elementor-widget-container\">\n\t\t\t\t\t\t\t<div class=\"elementor-spacer\">\n\t\t\t<div class=\"elementor-spacer-inner\"><\/div>\n\t\t<\/div>\n\t\t\t\t\t\t<\/div>\n\t\t\t\t<\/div>\n\t\t\t\t<div class=\"elementor-element elementor-element-473a3c8 elementor-widget elementor-widget-image\" data-id=\"473a3c8\" data-element_type=\"widget\" data-widget_type=\"image.default\">\n\t\t\t\t<div class=\"elementor-widget-container\">\n\t\t\t\t\t\t\t\t\t\t\t\t\t\t\t<img decoding=\"async\" width=\"150\" height=\"150\" src=\"https:\/\/peritosjudiciales2020.com\/wp-content\/uploads\/2023\/08\/cropped-Peritos-Judiciales-150x150.png\" class=\"attachment-thumbnail size-thumbnail wp-image-2631\" alt=\"\" srcset=\"https:\/\/peritosjudiciales2020.com\/wp-content\/uploads\/2023\/08\/cropped-Peritos-Judiciales-150x150.png 150w, https:\/\/peritosjudiciales2020.com\/wp-content\/uploads\/2023\/08\/cropped-Peritos-Judiciales-100x100.png 100w, https:\/\/peritosjudiciales2020.com\/wp-content\/uploads\/2023\/08\/cropped-Peritos-Judiciales.png 250w\" sizes=\"100vw\" \/>\t\t\t\t\t\t\t\t\t\t\t\t\t\t\t<\/div>\n\t\t\t\t<\/div>\n\t\t\t\t<div class=\"elementor-element elementor-element-2fffda2 elementor-widget elementor-widget-text-editor\" data-id=\"2fffda2\" data-element_type=\"widget\" data-widget_type=\"text-editor.default\">\n\t\t\t\t<div class=\"elementor-widget-container\">\n\t\t\t\t\t\t\t\t\t<p>Somos especialistas en:\u00a0<\/p><p><span class=\"JsGRdQ\">Peritaciones judiciales \u00b7 Tasaciones y valoraci\u00f3n de Veh\u00edculos \u00b7 Peritaci\u00f3n de da\u00f1os en Veh\u00edculos \u00b7 Accidentes de Tr\u00e1fico \u00b7 Investigaci\u00f3n de Bienes Inmuebles \u00b7 Reclamaciones<\/span><\/p>\t\t\t\t\t\t\t\t<\/div>\n\t\t\t\t<\/div>\n\t\t\t\t<div class=\"elementor-element elementor-element-a116db5 elementor-widget elementor-widget-spacer\" data-id=\"a116db5\" data-element_type=\"widget\" data-widget_type=\"spacer.default\">\n\t\t\t\t<div class=\"elementor-widget-container\">\n\t\t\t\t\t\t\t<div class=\"elementor-spacer\">\n\t\t\t<div class=\"elementor-spacer-inner\"><\/div>\n\t\t<\/div>\n\t\t\t\t\t\t<\/div>\n\t\t\t\t<\/div>\n\t\t\t\t\t<\/div>\n\t\t<\/div>\n\t\t\t\t\t<\/div>\n\t\t<\/section>\n\t\t\t\t<\/div>\n\t\t","protected":false},"excerpt":{"rendered":"<p>\u00bfEN QU\u00c9 TE PODEMOS AYUDAR? Ind\u00edcanos el car\u00e1cter de tu consulta o escribe una breve descripci\u00f3n para que uno de nuestros especialistas contacte contigo y te asesore. Esta primera consulta es GRATUITA Somos especialistas en:\u00a0 Peritaciones judiciales \u00b7 Tasaciones y valoraci\u00f3n de Veh\u00edculos \u00b7 Peritaci\u00f3n de da\u00f1os en Veh\u00edculos \u00b7 Accidentes de Tr\u00e1fico \u00b7 Investigaci\u00f3n &hellip; <\/p>\n<p class=\"link-more\"><a href=\"https:\/\/peritosjudiciales2020.com\/index.php\/contact\/formulario-de-contacto\/\" class=\"more-link\">Continuar leyendo<span class=\"screen-reader-text\"> \u00abFormulario de contacto\u00bb<\/span><\/a><\/p>\n","protected":false},"author":1,"featured_media":0,"parent":25,"menu_order":1,"comment_status":"closed","ping_status":"closed","template":"elementor_header_footer","meta":{"_eb_attr":"","om_disable_all_campaigns":false,"_monsterinsights_skip_tracking":false,"_monsterinsights_sitenote_active":false,"_monsterinsights_sitenote_note":"","_monsterinsights_sitenote_category":0,"footnotes":""},"class_list":["post-1301","page","type-page","status-publish","hentry"],"yoast_head":"<!-- This site is optimized with the Yoast SEO plugin v25.9 - https:\/\/yoast.com\/wordpress\/plugins\/seo\/ -->\n<title>Formulario de contacto - PERITOS JUDICIALES 2020<\/title>\n<meta name=\"robots\" content=\"index, follow, max-snippet:-1, max-image-preview:large, max-video-preview:-1\" \/>\n<link rel=\"canonical\" href=\"https:\/\/peritosjudiciales2020.com\/index.php\/contact\/formulario-de-contacto\/\" \/>\n<meta property=\"og:locale\" content=\"es_ES\" \/>\n<meta property=\"og:type\" content=\"article\" \/>\n<meta property=\"og:title\" content=\"Formulario de contacto - PERITOS JUDICIALES 2020\" \/>\n<meta property=\"og:description\" content=\"\u00bfEN QU\u00c9 TE PODEMOS AYUDAR? Ind\u00edcanos el car\u00e1cter de tu consulta o escribe una breve descripci\u00f3n para que uno de nuestros especialistas contacte contigo y te asesore. Esta primera consulta es GRATUITA Somos especialistas en:\u00a0 Peritaciones judiciales \u00b7 Tasaciones y valoraci\u00f3n de Veh\u00edculos \u00b7 Peritaci\u00f3n de da\u00f1os en Veh\u00edculos \u00b7 Accidentes de Tr\u00e1fico \u00b7 Investigaci\u00f3n &hellip; Continuar leyendo &quot;Formulario de contacto&quot;\" \/>\n<meta property=\"og:url\" content=\"https:\/\/peritosjudiciales2020.com\/index.php\/contact\/formulario-de-contacto\/\" \/>\n<meta property=\"og:site_name\" content=\"PERITOS JUDICIALES 2020\" \/>\n<meta property=\"article:modified_time\" content=\"2023-08-24T14:40:21+00:00\" \/>\n<meta property=\"og:image\" content=\"https:\/\/peritosjudiciales2020.com\/wp-content\/uploads\/2023\/08\/cropped-Peritos-Judiciales-150x150.png\" \/>\n<meta name=\"twitter:card\" content=\"summary_large_image\" \/>\n<meta name=\"twitter:label1\" content=\"Tiempo de lectura\" \/>\n\t<meta name=\"twitter:data1\" content=\"1 minuto\" \/>\n<script type=\"application\/ld+json\" class=\"yoast-schema-graph\">{\"@context\":\"https:\/\/schema.org\",\"@graph\":[{\"@type\":\"WebPage\",\"@id\":\"https:\/\/peritosjudiciales2020.com\/index.php\/contact\/formulario-de-contacto\/\",\"url\":\"https:\/\/peritosjudiciales2020.com\/index.php\/contact\/formulario-de-contacto\/\",\"name\":\"Formulario de contacto - PERITOS JUDICIALES 2020\",\"isPartOf\":{\"@id\":\"https:\/\/peritosjudiciales2020.com\/#website\"},\"primaryImageOfPage\":{\"@id\":\"https:\/\/peritosjudiciales2020.com\/index.php\/contact\/formulario-de-contacto\/#primaryimage\"},\"image\":{\"@id\":\"https:\/\/peritosjudiciales2020.com\/index.php\/contact\/formulario-de-contacto\/#primaryimage\"},\"thumbnailUrl\":\"https:\/\/peritosjudiciales2020.com\/wp-content\/uploads\/2023\/08\/cropped-Peritos-Judiciales-150x150.png\",\"datePublished\":\"2020-07-30T16:50:36+00:00\",\"dateModified\":\"2023-08-24T14:40:21+00:00\",\"breadcrumb\":{\"@id\":\"https:\/\/peritosjudiciales2020.com\/index.php\/contact\/formulario-de-contacto\/#breadcrumb\"},\"inLanguage\":\"es\",\"potentialAction\":[{\"@type\":\"ReadAction\",\"target\":[\"https:\/\/peritosjudiciales2020.com\/index.php\/contact\/formulario-de-contacto\/\"]}]},{\"@type\":\"ImageObject\",\"inLanguage\":\"es\",\"@id\":\"https:\/\/peritosjudiciales2020.com\/index.php\/contact\/formulario-de-contacto\/#primaryimage\",\"url\":\"https:\/\/peritosjudiciales2020.com\/wp-content\/uploads\/2023\/08\/cropped-Peritos-Judiciales.png\",\"contentUrl\":\"https:\/\/peritosjudiciales2020.com\/wp-content\/uploads\/2023\/08\/cropped-Peritos-Judiciales.png\",\"width\":250,\"height\":250},{\"@type\":\"BreadcrumbList\",\"@id\":\"https:\/\/peritosjudiciales2020.com\/index.php\/contact\/formulario-de-contacto\/#breadcrumb\",\"itemListElement\":[{\"@type\":\"ListItem\",\"position\":1,\"name\":\"navigation\",\"item\":\"https:\/\/peritosjudiciales2020.com\/\"},{\"@type\":\"ListItem\",\"position\":2,\"name\":\"Contacto\",\"item\":\"https:\/\/peritosjudiciales2020.com\/index.php\/contact\/\"},{\"@type\":\"ListItem\",\"position\":3,\"name\":\"Formulario de contacto\"}]},{\"@type\":\"WebSite\",\"@id\":\"https:\/\/peritosjudiciales2020.com\/#website\",\"url\":\"https:\/\/peritosjudiciales2020.com\/\",\"name\":\"PERITOS JUDICIALES 2020\",\"description\":\"Gabinete especializado en Peritaci\u00f3n Judicial\",\"publisher\":{\"@id\":\"https:\/\/peritosjudiciales2020.com\/#organization\"},\"potentialAction\":[{\"@type\":\"SearchAction\",\"target\":{\"@type\":\"EntryPoint\",\"urlTemplate\":\"https:\/\/peritosjudiciales2020.com\/?s={search_term_string}\"},\"query-input\":{\"@type\":\"PropertyValueSpecification\",\"valueRequired\":true,\"valueName\":\"search_term_string\"}}],\"inLanguage\":\"es\"},{\"@type\":\"Organization\",\"@id\":\"https:\/\/peritosjudiciales2020.com\/#organization\",\"name\":\"PERITOS JUDICIALES 2020\",\"url\":\"https:\/\/peritosjudiciales2020.com\/\",\"logo\":{\"@type\":\"ImageObject\",\"inLanguage\":\"es\",\"@id\":\"https:\/\/peritosjudiciales2020.com\/#\/schema\/logo\/image\/\",\"url\":\"https:\/\/peritosjudiciales2020.com\/wp-content\/uploads\/2023\/08\/cropped-Peritos-Judiciales.png\",\"contentUrl\":\"https:\/\/peritosjudiciales2020.com\/wp-content\/uploads\/2023\/08\/cropped-Peritos-Judiciales.png\",\"width\":250,\"height\":250,\"caption\":\"PERITOS JUDICIALES 2020\"},\"image\":{\"@id\":\"https:\/\/peritosjudiciales2020.com\/#\/schema\/logo\/image\/\"}}]}<\/script>\n<!-- \/ Yoast SEO plugin. -->","yoast_head_json":{"title":"Formulario de contacto - PERITOS JUDICIALES 2020","robots":{"index":"index","follow":"follow","max-snippet":"max-snippet:-1","max-image-preview":"max-image-preview:large","max-video-preview":"max-video-preview:-1"},"canonical":"https:\/\/peritosjudiciales2020.com\/index.php\/contact\/formulario-de-contacto\/","og_locale":"es_ES","og_type":"article","og_title":"Formulario de contacto - PERITOS JUDICIALES 2020","og_description":"\u00bfEN QU\u00c9 TE PODEMOS AYUDAR? Ind\u00edcanos el car\u00e1cter de tu consulta o escribe una breve descripci\u00f3n para que uno de nuestros especialistas contacte contigo y te asesore. Esta primera consulta es GRATUITA Somos especialistas en:\u00a0 Peritaciones judiciales \u00b7 Tasaciones y valoraci\u00f3n de Veh\u00edculos \u00b7 Peritaci\u00f3n de da\u00f1os en Veh\u00edculos \u00b7 Accidentes de Tr\u00e1fico \u00b7 Investigaci\u00f3n &hellip; Continuar leyendo \"Formulario de contacto\"","og_url":"https:\/\/peritosjudiciales2020.com\/index.php\/contact\/formulario-de-contacto\/","og_site_name":"PERITOS JUDICIALES 2020","article_modified_time":"2023-08-24T14:40:21+00:00","og_image":[{"url":"https:\/\/peritosjudiciales2020.com\/wp-content\/uploads\/2023\/08\/cropped-Peritos-Judiciales-150x150.png","type":"","width":"","height":""}],"twitter_card":"summary_large_image","twitter_misc":{"Tiempo de lectura":"1 minuto"},"schema":{"@context":"https:\/\/schema.org","@graph":[{"@type":"WebPage","@id":"https:\/\/peritosjudiciales2020.com\/index.php\/contact\/formulario-de-contacto\/","url":"https:\/\/peritosjudiciales2020.com\/index.php\/contact\/formulario-de-contacto\/","name":"Formulario de contacto - PERITOS JUDICIALES 2020","isPartOf":{"@id":"https:\/\/peritosjudiciales2020.com\/#website"},"primaryImageOfPage":{"@id":"https:\/\/peritosjudiciales2020.com\/index.php\/contact\/formulario-de-contacto\/#primaryimage"},"image":{"@id":"https:\/\/peritosjudiciales2020.com\/index.php\/contact\/formulario-de-contacto\/#primaryimage"},"thumbnailUrl":"https:\/\/peritosjudiciales2020.com\/wp-content\/uploads\/2023\/08\/cropped-Peritos-Judiciales-150x150.png","datePublished":"2020-07-30T16:50:36+00:00","dateModified":"2023-08-24T14:40:21+00:00","breadcrumb":{"@id":"https:\/\/peritosjudiciales2020.com\/index.php\/contact\/formulario-de-contacto\/#breadcrumb"},"inLanguage":"es","potentialAction":[{"@type":"ReadAction","target":["https:\/\/peritosjudiciales2020.com\/index.php\/contact\/formulario-de-contacto\/"]}]},{"@type":"ImageObject","inLanguage":"es","@id":"https:\/\/peritosjudiciales2020.com\/index.php\/contact\/formulario-de-contacto\/#primaryimage","url":"https:\/\/peritosjudiciales2020.com\/wp-content\/uploads\/2023\/08\/cropped-Peritos-Judiciales.png","contentUrl":"https:\/\/peritosjudiciales2020.com\/wp-content\/uploads\/2023\/08\/cropped-Peritos-Judiciales.png","width":250,"height":250},{"@type":"BreadcrumbList","@id":"https:\/\/peritosjudiciales2020.com\/index.php\/contact\/formulario-de-contacto\/#breadcrumb","itemListElement":[{"@type":"ListItem","position":1,"name":"navigation","item":"https:\/\/peritosjudiciales2020.com\/"},{"@type":"ListItem","position":2,"name":"Contacto","item":"https:\/\/peritosjudiciales2020.com\/index.php\/contact\/"},{"@type":"ListItem","position":3,"name":"Formulario de contacto"}]},{"@type":"WebSite","@id":"https:\/\/peritosjudiciales2020.com\/#website","url":"https:\/\/peritosjudiciales2020.com\/","name":"PERITOS JUDICIALES 2020","description":"Gabinete especializado en Peritaci\u00f3n Judicial","publisher":{"@id":"https:\/\/peritosjudiciales2020.com\/#organization"},"potentialAction":[{"@type":"SearchAction","target":{"@type":"EntryPoint","urlTemplate":"https:\/\/peritosjudiciales2020.com\/?s={search_term_string}"},"query-input":{"@type":"PropertyValueSpecification","valueRequired":true,"valueName":"search_term_string"}}],"inLanguage":"es"},{"@type":"Organization","@id":"https:\/\/peritosjudiciales2020.com\/#organization","name":"PERITOS JUDICIALES 2020","url":"https:\/\/peritosjudiciales2020.com\/","logo":{"@type":"ImageObject","inLanguage":"es","@id":"https:\/\/peritosjudiciales2020.com\/#\/schema\/logo\/image\/","url":"https:\/\/peritosjudiciales2020.com\/wp-content\/uploads\/2023\/08\/cropped-Peritos-Judiciales.png","contentUrl":"https:\/\/peritosjudiciales2020.com\/wp-content\/uploads\/2023\/08\/cropped-Peritos-Judiciales.png","width":250,"height":250,"caption":"PERITOS JUDICIALES 2020"},"image":{"@id":"https:\/\/peritosjudiciales2020.com\/#\/schema\/logo\/image\/"}}]}},"_links":{"self":[{"href":"https:\/\/peritosjudiciales2020.com\/index.php\/wp-json\/wp\/v2\/pages\/1301","targetHints":{"allow":["GET"]}}],"collection":[{"href":"https:\/\/peritosjudiciales2020.com\/index.php\/wp-json\/wp\/v2\/pages"}],"about":[{"href":"https:\/\/peritosjudiciales2020.com\/index.php\/wp-json\/wp\/v2\/types\/page"}],"author":[{"embeddable":true,"href":"https:\/\/peritosjudiciales2020.com\/index.php\/wp-json\/wp\/v2\/users\/1"}],"replies":[{"embeddable":true,"href":"https:\/\/peritosjudiciales2020.com\/index.php\/wp-json\/wp\/v2\/comments?post=1301"}],"version-history":[{"count":69,"href":"https:\/\/peritosjudiciales2020.com\/index.php\/wp-json\/wp\/v2\/pages\/1301\/revisions"}],"predecessor-version":[{"id":2944,"href":"https:\/\/peritosjudiciales2020.com\/index.php\/wp-json\/wp\/v2\/pages\/1301\/revisions\/2944"}],"up":[{"embeddable":true,"href":"https:\/\/peritosjudiciales2020.com\/index.php\/wp-json\/wp\/v2\/pages\/25"}],"wp:attachment":[{"href":"https:\/\/peritosjudiciales2020.com\/index.php\/wp-json\/wp\/v2\/media?parent=1301"}],"curies":[{"name":"wp","href":"https:\/\/api.w.org\/{rel}","templated":true}]}}